{"id":554,"date":"2015-03-22T21:41:15","date_gmt":"2015-03-22T20:41:15","guid":{"rendered":"http:\/\/mjleclerc.org\/wordpress\/?page_id=554"},"modified":"2016-09-19T23:22:10","modified_gmt":"2016-09-20T03:22:10","slug":"abonnement","status":"publish","type":"page","link":"http:\/\/mjleclerc.org\/wordpress\/abonnement\/","title":{"rendered":"Abonnement Infolettre"},"content":{"rendered":"<script>(function() {\n\twindow.mc4wp = window.mc4wp || {\n\t\tlisteners: [],\n\t\tforms: {\n\t\t\ton: function(evt, cb) {\n\t\t\t\twindow.mc4wp.listeners.push(\n\t\t\t\t\t{\n\t\t\t\t\t\tevent   : evt,\n\t\t\t\t\t\tcallback: cb\n\t\t\t\t\t}\n\t\t\t\t);\n\t\t\t}\n\t\t}\n\t}\n})();\n<\/script><!-- Mailchimp for WordPress v4.11.1 - https:\/\/wordpress.org\/plugins\/mailchimp-for-wp\/ --><form id=\"mc4wp-form-1\" class=\"mc4wp-form mc4wp-form-741\" method=\"post\" data-id=\"741\" data-name=\"Marie-Jos\u00e9 Leclerc - Newsletter\" ><div class=\"mc4wp-form-fields\"><P>\r\n  Annonces d\u2019ateliers et \u00e9v\u00e9nements \u00e0 venir. Envoy\u00e9e 4 fois par an.\r\n  <br \/>\r\n  <i>Vous pouvez vous d\u00e9sabonner en tout temps.<\/i>\r\n<\/P>\r\n<BR \/><BR \/>\r\n<table>\r\n  <tr>\r\n    <td>\r\n\t<label>Votre adresse courriel&nbsp;&nbsp;&nbsp;<\/label>\r\n     <\/td>\r\n    <td>\r\n\t<input type=\"email\" name=\"EMAIL\" placeholder=\"Requis\" required \/>\r\n    <\/td>\r\n  <\/tr>\r\n  <tr>\r\n    <td>\r\n    <label>Prenom&nbsp;&nbsp;&nbsp;<\/label>\r\n     <\/td>\r\n    <td>\r\n    <input type=\"text\" name=\"FNAME\">\r\n    <\/td>\r\n  <\/tr>\r\n  <tr>\r\n    <td>\r\n    <label>Nom de famille&nbsp;&nbsp;&nbsp;<\/label>\r\n     <\/td>\r\n    <td>\r\n    <input type=\"text\" name=\"LNAME\">\r\n    <\/td>\r\n  <\/tr>\r\n<\/table>\r\n<br \/>\r\n<p>\r\n\t<input type=\"submit\" value=\"Abonner\" \/>\r\n<\/p><\/div><label style=\"display: none !important;\">Laissez ce champ vide si vous \u00eates humain\u00a0: <input type=\"text\" name=\"_mc4wp_honeypot\" value=\"\" tabindex=\"-1\" autocomplete=\"off\" \/><\/label><input type=\"hidden\" name=\"_mc4wp_timestamp\" value=\"1776510832\" \/><input type=\"hidden\" name=\"_mc4wp_form_id\" value=\"741\" \/><input type=\"hidden\" name=\"_mc4wp_form_element_id\" value=\"mc4wp-form-1\" \/><div class=\"mc4wp-response\"><\/div><\/form><!-- \/ Mailchimp for WordPress Plugin -->","protected":false},"excerpt":{"rendered":"","protected":false},"author":2,"featured_media":0,"parent":0,"menu_order":0,"comment_status":"closed","ping_status":"open","template":"","meta":{"footnotes":""},"class_list":["post-554","page","type-page","status-publish","hentry"],"yoast_head":"<!-- This site is optimized with the Yoast SEO plugin v24.5 - https:\/\/yoast.com\/wordpress\/plugins\/seo\/ -->\n<title>Abonnement Infolettre - Marie-Jos\u00e9 Leclerc<\/title>\n<meta name=\"description\" content=\"[:fr]Abonnement Infolettre[:en]Newsletter subscription[:] - Rolfing and Spiritual workshops - Marie-Jos\u00e9 Leclerc\" \/>\n<meta name=\"robots\" content=\"index, follow, max-snippet:-1, max-image-preview:large, max-video-preview:-1\" \/>\n<link rel=\"canonical\" href=\"http:\/\/mjleclerc.org\/wordpress\/abonnement\/\" \/>\n<meta property=\"og:locale\" content=\"fr_FR\" \/>\n<meta property=\"og:type\" content=\"article\" \/>\n<meta property=\"og:title\" content=\"[:fr]Abonnement Infolettre[:en]Newsletter subscription[:] - Marie-Jos\u00e9 Leclerc\" \/>\n<meta property=\"og:description\" content=\"[:fr]Abonnement Infolettre[:en]Newsletter subscription[:] - Rolfing and Spiritual workshops - Marie-Jos\u00e9 Leclerc\" \/>\n<meta property=\"og:url\" content=\"http:\/\/mjleclerc.org\/wordpress\/abonnement\/\" \/>\n<meta property=\"og:site_name\" content=\"Marie-Jos\u00e9 Leclerc\" \/>\n<meta property=\"article:modified_time\" content=\"2016-09-20T03:22:10+00:00\" \/>\n<meta name=\"twitter:card\" content=\"summary_large_image\" \/>\n<script type=\"application\/ld+json\" class=\"yoast-schema-graph\">{\"@context\":\"https:\/\/schema.org\",\"@graph\":[{\"@type\":\"WebPage\",\"@id\":\"http:\/\/mjleclerc.org\/wordpress\/abonnement\/\",\"url\":\"http:\/\/mjleclerc.org\/wordpress\/abonnement\/\",\"name\":\"[:fr]Abonnement Infolettre[:en]Newsletter subscription[:] - Marie-Jos\u00e9 Leclerc\",\"isPartOf\":{\"@id\":\"http:\/\/mjleclerc.org\/wordpress\/#website\"},\"datePublished\":\"2015-03-22T20:41:15+00:00\",\"dateModified\":\"2016-09-20T03:22:10+00:00\",\"description\":\"[:fr]Abonnement Infolettre[:en]Newsletter subscription[:] - Rolfing and Spiritual workshops - Marie-Jos\u00e9 Leclerc\",\"breadcrumb\":{\"@id\":\"http:\/\/mjleclerc.org\/wordpress\/abonnement\/#breadcrumb\"},\"inLanguage\":\"fr-FR\",\"potentialAction\":[{\"@type\":\"ReadAction\",\"target\":[\"http:\/\/mjleclerc.org\/wordpress\/abonnement\/\"]}]},{\"@type\":\"BreadcrumbList\",\"@id\":\"http:\/\/mjleclerc.org\/wordpress\/abonnement\/#breadcrumb\",\"itemListElement\":[{\"@type\":\"ListItem\",\"position\":1,\"name\":\"Home\",\"item\":\"http:\/\/mjleclerc.org\/wordpress\/?lang=en\"},{\"@type\":\"ListItem\",\"position\":2,\"name\":\"Abonnement Infolettre\"}]},{\"@type\":\"WebSite\",\"@id\":\"http:\/\/mjleclerc.org\/wordpress\/#website\",\"url\":\"http:\/\/mjleclerc.org\/wordpress\/\",\"name\":\"Marie-Jos\u00e9 Leclerc\",\"description\":\"Rolfing and Spiritual workshops\",\"potentialAction\":[{\"@type\":\"SearchAction\",\"target\":{\"@type\":\"EntryPoint\",\"urlTemplate\":\"http:\/\/mjleclerc.org\/wordpress\/?s={search_term_string}\"},\"query-input\":{\"@type\":\"PropertyValueSpecification\",\"valueRequired\":true,\"valueName\":\"search_term_string\"}}],\"inLanguage\":\"fr-FR\"}]}<\/script>\n<!-- \/ Yoast SEO plugin. -->","yoast_head_json":{"title":"[:fr]Abonnement Infolettre[:en]Newsletter subscription[:] - Marie-Jos\u00e9 Leclerc","description":"[:fr]Abonnement Infolettre[:en]Newsletter subscription[:] - Rolfing and Spiritual workshops - Marie-Jos\u00e9 Leclerc","robots":{"index":"index","follow":"follow","max-snippet":"max-snippet:-1","max-image-preview":"max-image-preview:large","max-video-preview":"max-video-preview:-1"},"canonical":"http:\/\/mjleclerc.org\/wordpress\/abonnement\/","og_locale":"fr_FR","og_type":"article","og_title":"[:fr]Abonnement Infolettre[:en]Newsletter subscription[:] - Marie-Jos\u00e9 Leclerc","og_description":"[:fr]Abonnement Infolettre[:en]Newsletter subscription[:] - Rolfing and Spiritual workshops - Marie-Jos\u00e9 Leclerc","og_url":"http:\/\/mjleclerc.org\/wordpress\/abonnement\/","og_site_name":"Marie-Jos\u00e9 Leclerc","article_modified_time":"2016-09-20T03:22:10+00:00","twitter_card":"summary_large_image","schema":{"@context":"https:\/\/schema.org","@graph":[{"@type":"WebPage","@id":"http:\/\/mjleclerc.org\/wordpress\/abonnement\/","url":"http:\/\/mjleclerc.org\/wordpress\/abonnement\/","name":"[:fr]Abonnement Infolettre[:en]Newsletter subscription[:] - Marie-Jos\u00e9 Leclerc","isPartOf":{"@id":"http:\/\/mjleclerc.org\/wordpress\/#website"},"datePublished":"2015-03-22T20:41:15+00:00","dateModified":"2016-09-20T03:22:10+00:00","description":"[:fr]Abonnement Infolettre[:en]Newsletter subscription[:] - Rolfing and Spiritual workshops - Marie-Jos\u00e9 Leclerc","breadcrumb":{"@id":"http:\/\/mjleclerc.org\/wordpress\/abonnement\/#breadcrumb"},"inLanguage":"fr-FR","potentialAction":[{"@type":"ReadAction","target":["http:\/\/mjleclerc.org\/wordpress\/abonnement\/"]}]},{"@type":"BreadcrumbList","@id":"http:\/\/mjleclerc.org\/wordpress\/abonnement\/#breadcrumb","itemListElement":[{"@type":"ListItem","position":1,"name":"Home","item":"http:\/\/mjleclerc.org\/wordpress\/?lang=en"},{"@type":"ListItem","position":2,"name":"Abonnement Infolettre"}]},{"@type":"WebSite","@id":"http:\/\/mjleclerc.org\/wordpress\/#website","url":"http:\/\/mjleclerc.org\/wordpress\/","name":"Marie-Jos\u00e9 Leclerc","description":"Rolfing and Spiritual workshops","potentialAction":[{"@type":"SearchAction","target":{"@type":"EntryPoint","urlTemplate":"http:\/\/mjleclerc.org\/wordpress\/?s={search_term_string}"},"query-input":{"@type":"PropertyValueSpecification","valueRequired":true,"valueName":"search_term_string"}}],"inLanguage":"fr-FR"}]}},"_links":{"self":[{"href":"http:\/\/mjleclerc.org\/wordpress\/wp-json\/wp\/v2\/pages\/554","targetHints":{"allow":["GET"]}}],"collection":[{"href":"http:\/\/mjleclerc.org\/wordpress\/wp-json\/wp\/v2\/pages"}],"about":[{"href":"http:\/\/mjleclerc.org\/wordpress\/wp-json\/wp\/v2\/types\/page"}],"author":[{"embeddable":true,"href":"http:\/\/mjleclerc.org\/wordpress\/wp-json\/wp\/v2\/users\/2"}],"replies":[{"embeddable":true,"href":"http:\/\/mjleclerc.org\/wordpress\/wp-json\/wp\/v2\/comments?post=554"}],"version-history":[{"count":22,"href":"http:\/\/mjleclerc.org\/wordpress\/wp-json\/wp\/v2\/pages\/554\/revisions"}],"predecessor-version":[{"id":793,"href":"http:\/\/mjleclerc.org\/wordpress\/wp-json\/wp\/v2\/pages\/554\/revisions\/793"}],"wp:attachment":[{"href":"http:\/\/mjleclerc.org\/wordpress\/wp-json\/wp\/v2\/media?parent=554"}],"curies":[{"name":"wp","href":"https:\/\/api.w.org\/{rel}","templated":true}]}}