{"id":404,"date":"2015-02-18T01:34:44","date_gmt":"2015-02-18T00:34:44","guid":{"rendered":"http:\/\/mjleclerc.org\/wordpress\/events\/"},"modified":"2016-10-13T07:34:43","modified_gmt":"2016-10-13T11:34:43","slug":"events","status":"publish","type":"page","link":"http:\/\/mjleclerc.org\/wordpress\/events\/","title":{"rendered":"Ev\u00e9nements"},"content":{"rendered":"<p>This page is used by Events Made Easy. Don&rsquo;t change it, don&rsquo;t use it in your menu&rsquo;s, don&rsquo;t delete it. Just make sure the EME setting called &lsquo;Events page&rsquo; points to this page. EME uses this page to render any and all events, locations, bookings, maps, &#8230; anything. If you do want to delete this page, create a new one EME can use and update the EME setting &lsquo;Events page&rsquo; accordingly.<\/p>\n","protected":false},"excerpt":{"rendered":"<p>This page is used by Events Made Easy. Don&rsquo;t change it, don&rsquo;t use it in your menu&rsquo;s, don&rsquo;t delete it. Just make sure the EME setting called &lsquo;Events page&rsquo; points to this page. EME uses this page to render any and all events, locations, bookings, maps, &#8230; anything. If you do want to delete this [&hellip;]<\/p>\n","protected":false},"author":1,"featured_media":0,"parent":0,"menu_order":0,"comment_status":"closed","ping_status":"closed","template":"","meta":{"footnotes":""},"class_list":["post-404","page","type-page","status-publish","hentry"],"yoast_head":"<!-- This site is optimized with the Yoast SEO plugin v24.5 - https:\/\/yoast.com\/wordpress\/plugins\/seo\/ -->\n<title>Ev\u00e9nements - Marie-Jos\u00e9 Leclerc<\/title>\n<meta name=\"description\" content=\"[:fr]Ev\u00e9nements[:en]Events[:] - Rolfing and Spiritual workshops - Marie-Jos\u00e9 Leclerc\" \/>\n<meta name=\"robots\" content=\"index, follow, max-snippet:-1, max-image-preview:large, max-video-preview:-1\" \/>\n<link rel=\"canonical\" href=\"http:\/\/mjleclerc.org\/wordpress\/events\/?lang=en\" \/>\n<meta property=\"og:locale\" content=\"fr_FR\" \/>\n<meta property=\"og:type\" content=\"article\" \/>\n<meta property=\"og:title\" content=\"[:fr]Ev\u00e9nements[:en]Events[:] - Marie-Jos\u00e9 Leclerc\" \/>\n<meta property=\"og:description\" content=\"[:fr]Ev\u00e9nements[:en]Events[:] - Rolfing and Spiritual workshops - Marie-Jos\u00e9 Leclerc\" \/>\n<meta property=\"og:url\" content=\"http:\/\/mjleclerc.org\/wordpress\/events\/?lang=en\" \/>\n<meta property=\"og:site_name\" content=\"Marie-Jos\u00e9 Leclerc\" \/>\n<meta property=\"article:modified_time\" content=\"2016-10-13T11:34:43+00:00\" \/>\n<meta name=\"twitter:card\" content=\"summary_large_image\" \/>\n<script type=\"application\/ld+json\" class=\"yoast-schema-graph\">{\"@context\":\"https:\/\/schema.org\",\"@graph\":[{\"@type\":\"WebPage\",\"@id\":\"http:\/\/mjleclerc.org\/wordpress\/events\/?lang=en\",\"url\":\"http:\/\/mjleclerc.org\/wordpress\/events\/?lang=en\",\"name\":\"[:fr]Ev\u00e9nements[:en]Events[:] - Marie-Jos\u00e9 Leclerc\",\"isPartOf\":{\"@id\":\"http:\/\/mjleclerc.org\/wordpress\/#website\"},\"datePublished\":\"2015-02-18T00:34:44+00:00\",\"dateModified\":\"2016-10-13T11:34:43+00:00\",\"description\":\"[:fr]Ev\u00e9nements[:en]Events[:] - Rolfing and Spiritual workshops - Marie-Jos\u00e9 Leclerc\",\"breadcrumb\":{\"@id\":\"http:\/\/mjleclerc.org\/wordpress\/events\/?lang=en#breadcrumb\"},\"inLanguage\":\"fr-FR\",\"potentialAction\":[{\"@type\":\"ReadAction\",\"target\":[\"http:\/\/mjleclerc.org\/wordpress\/events\/?lang=en\"]}]},{\"@type\":\"BreadcrumbList\",\"@id\":\"http:\/\/mjleclerc.org\/wordpress\/events\/?lang=en#breadcrumb\",\"itemListElement\":[{\"@type\":\"ListItem\",\"position\":1,\"name\":\"Home\",\"item\":\"http:\/\/mjleclerc.org\/wordpress\/?lang=en\"},{\"@type\":\"ListItem\",\"position\":2,\"name\":\"Events\"}]},{\"@type\":\"WebSite\",\"@id\":\"http:\/\/mjleclerc.org\/wordpress\/#website\",\"url\":\"http:\/\/mjleclerc.org\/wordpress\/\",\"name\":\"Marie-Jos\u00e9 Leclerc\",\"description\":\"Rolfing and Spiritual workshops\",\"potentialAction\":[{\"@type\":\"SearchAction\",\"target\":{\"@type\":\"EntryPoint\",\"urlTemplate\":\"http:\/\/mjleclerc.org\/wordpress\/?s={search_term_string}\"},\"query-input\":{\"@type\":\"PropertyValueSpecification\",\"valueRequired\":true,\"valueName\":\"search_term_string\"}}],\"inLanguage\":\"fr-FR\"}]}<\/script>\n<!-- \/ Yoast SEO plugin. -->","yoast_head_json":{"title":"[:fr]Ev\u00e9nements[:en]Events[:] - Marie-Jos\u00e9 Leclerc","description":"[:fr]Ev\u00e9nements[:en]Events[:] - Rolfing and Spiritual workshops - Marie-Jos\u00e9 Leclerc","robots":{"index":"index","follow":"follow","max-snippet":"max-snippet:-1","max-image-preview":"max-image-preview:large","max-video-preview":"max-video-preview:-1"},"canonical":"http:\/\/mjleclerc.org\/wordpress\/events\/?lang=en","og_locale":"fr_FR","og_type":"article","og_title":"[:fr]Ev\u00e9nements[:en]Events[:] - Marie-Jos\u00e9 Leclerc","og_description":"[:fr]Ev\u00e9nements[:en]Events[:] - Rolfing and Spiritual workshops - Marie-Jos\u00e9 Leclerc","og_url":"http:\/\/mjleclerc.org\/wordpress\/events\/?lang=en","og_site_name":"Marie-Jos\u00e9 Leclerc","article_modified_time":"2016-10-13T11:34:43+00:00","twitter_card":"summary_large_image","schema":{"@context":"https:\/\/schema.org","@graph":[{"@type":"WebPage","@id":"http:\/\/mjleclerc.org\/wordpress\/events\/?lang=en","url":"http:\/\/mjleclerc.org\/wordpress\/events\/?lang=en","name":"[:fr]Ev\u00e9nements[:en]Events[:] - Marie-Jos\u00e9 Leclerc","isPartOf":{"@id":"http:\/\/mjleclerc.org\/wordpress\/#website"},"datePublished":"2015-02-18T00:34:44+00:00","dateModified":"2016-10-13T11:34:43+00:00","description":"[:fr]Ev\u00e9nements[:en]Events[:] - Rolfing and Spiritual workshops - Marie-Jos\u00e9 Leclerc","breadcrumb":{"@id":"http:\/\/mjleclerc.org\/wordpress\/events\/?lang=en#breadcrumb"},"inLanguage":"fr-FR","potentialAction":[{"@type":"ReadAction","target":["http:\/\/mjleclerc.org\/wordpress\/events\/?lang=en"]}]},{"@type":"BreadcrumbList","@id":"http:\/\/mjleclerc.org\/wordpress\/events\/?lang=en#breadcrumb","itemListElement":[{"@type":"ListItem","position":1,"name":"Home","item":"http:\/\/mjleclerc.org\/wordpress\/?lang=en"},{"@type":"ListItem","position":2,"name":"Events"}]},{"@type":"WebSite","@id":"http:\/\/mjleclerc.org\/wordpress\/#website","url":"http:\/\/mjleclerc.org\/wordpress\/","name":"Marie-Jos\u00e9 Leclerc","description":"Rolfing and Spiritual workshops","potentialAction":[{"@type":"SearchAction","target":{"@type":"EntryPoint","urlTemplate":"http:\/\/mjleclerc.org\/wordpress\/?s={search_term_string}"},"query-input":{"@type":"PropertyValueSpecification","valueRequired":true,"valueName":"search_term_string"}}],"inLanguage":"fr-FR"}]}},"_links":{"self":[{"href":"http:\/\/mjleclerc.org\/wordpress\/wp-json\/wp\/v2\/pages\/404","targetHints":{"allow":["GET"]}}],"collection":[{"href":"http:\/\/mjleclerc.org\/wordpress\/wp-json\/wp\/v2\/pages"}],"about":[{"href":"http:\/\/mjleclerc.org\/wordpress\/wp-json\/wp\/v2\/types\/page"}],"author":[{"embeddable":true,"href":"http:\/\/mjleclerc.org\/wordpress\/wp-json\/wp\/v2\/users\/1"}],"replies":[{"embeddable":true,"href":"http:\/\/mjleclerc.org\/wordpress\/wp-json\/wp\/v2\/comments?post=404"}],"version-history":[{"count":1,"href":"http:\/\/mjleclerc.org\/wordpress\/wp-json\/wp\/v2\/pages\/404\/revisions"}],"predecessor-version":[{"id":798,"href":"http:\/\/mjleclerc.org\/wordpress\/wp-json\/wp\/v2\/pages\/404\/revisions\/798"}],"wp:attachment":[{"href":"http:\/\/mjleclerc.org\/wordpress\/wp-json\/wp\/v2\/media?parent=404"}],"curies":[{"name":"wp","href":"https:\/\/api.w.org\/{rel}","templated":true}]}}