{"id":30,"date":"2014-09-22T14:33:39","date_gmt":"2014-09-22T13:33:39","guid":{"rendered":"http:\/\/mjleclerc.org\/wordpress\/?page_id=30"},"modified":"2026-01-27T16:18:10","modified_gmt":"2026-01-27T21:18:10","slug":"contact-links","status":"publish","type":"page","link":"http:\/\/mjleclerc.org\/wordpress\/contact-links\/","title":{"rendered":"Contact"},"content":{"rendered":"<p><span class=\"\">Vous pouvez me contacter par t\u00e9l\u00e9phone : (450) 538-0020\u00a0<\/span><\/p>\n<p><span class=\"\">ou m&rsquo;envoyer un courriel :\u00a0<\/span><b class=\"\"><a class=\"\" href=\"mailto:mjleclerc.org@gmail.com\">mjleclerc.org@gmail.com<\/a><\/b><\/p>","protected":false},"excerpt":{"rendered":"<p>Vous pouvez me contacter par t\u00e9l\u00e9phone : (450) 538-0020\u00a0 ou m&rsquo;envoyer un courriel :\u00a0mjleclerc.org@gmail.com<\/p>\n","protected":false},"author":1,"featured_media":0,"parent":0,"menu_order":0,"comment_status":"closed","ping_status":"open","template":"","meta":{"footnotes":""},"class_list":["post-30","page","type-page","status-publish","hentry"],"yoast_head":"<!-- This site is optimized with the Yoast SEO plugin v24.5 - https:\/\/yoast.com\/wordpress\/plugins\/seo\/ -->\n<title>Contact - Marie-Jos\u00e9 Leclerc<\/title>\n<meta name=\"description\" content=\"Contact - Rolfing and Spiritual workshops - Marie-Jos\u00e9 Leclerc\" \/>\n<meta name=\"robots\" content=\"index, follow, max-snippet:-1, max-image-preview:large, max-video-preview:-1\" \/>\n<link rel=\"canonical\" href=\"https:\/\/mjleclerc.org\/wordpress\/contact-links\/\" \/>\n<meta property=\"og:locale\" content=\"fr_FR\" \/>\n<meta property=\"og:type\" content=\"article\" \/>\n<meta property=\"og:title\" content=\"Contact - Marie-Jos\u00e9 Leclerc\" \/>\n<meta property=\"og:description\" content=\"Contact - Rolfing and Spiritual workshops - Marie-Jos\u00e9 Leclerc\" \/>\n<meta property=\"og:url\" content=\"https:\/\/mjleclerc.org\/wordpress\/contact-links\/\" \/>\n<meta property=\"og:site_name\" content=\"Marie-Jos\u00e9 Leclerc\" \/>\n<meta property=\"article:modified_time\" content=\"2026-01-27T21:18:10+00:00\" \/>\n<meta name=\"twitter:card\" content=\"summary_large_image\" \/>\n<meta name=\"twitter:label1\" content=\"Dur\u00e9e de lecture estim\u00e9e\" \/>\n\t<meta name=\"twitter:data1\" content=\"1 minute\" \/>\n<script type=\"application\/ld+json\" class=\"yoast-schema-graph\">{\"@context\":\"https:\/\/schema.org\",\"@graph\":[{\"@type\":\"WebPage\",\"@id\":\"https:\/\/mjleclerc.org\/wordpress\/contact-links\/\",\"url\":\"https:\/\/mjleclerc.org\/wordpress\/contact-links\/\",\"name\":\"Contact - Marie-Jos\u00e9 Leclerc\",\"isPartOf\":{\"@id\":\"http:\/\/mjleclerc.org\/wordpress\/#website\"},\"datePublished\":\"2014-09-22T13:33:39+00:00\",\"dateModified\":\"2026-01-27T21:18:10+00:00\",\"description\":\"Contact - Rolfing and Spiritual workshops - Marie-Jos\u00e9 Leclerc\",\"breadcrumb\":{\"@id\":\"https:\/\/mjleclerc.org\/wordpress\/contact-links\/#breadcrumb\"},\"inLanguage\":\"fr-FR\",\"potentialAction\":[{\"@type\":\"ReadAction\",\"target\":[\"https:\/\/mjleclerc.org\/wordpress\/contact-links\/\"]}]},{\"@type\":\"BreadcrumbList\",\"@id\":\"https:\/\/mjleclerc.org\/wordpress\/contact-links\/#breadcrumb\",\"itemListElement\":[{\"@type\":\"ListItem\",\"position\":1,\"name\":\"Home\",\"item\":\"http:\/\/mjleclerc.org\/wordpress\/?lang=en\"},{\"@type\":\"ListItem\",\"position\":2,\"name\":\"Contact\"}]},{\"@type\":\"WebSite\",\"@id\":\"http:\/\/mjleclerc.org\/wordpress\/#website\",\"url\":\"http:\/\/mjleclerc.org\/wordpress\/\",\"name\":\"Marie-Jos\u00e9 Leclerc\",\"description\":\"Rolfing and Spiritual workshops\",\"potentialAction\":[{\"@type\":\"SearchAction\",\"target\":{\"@type\":\"EntryPoint\",\"urlTemplate\":\"http:\/\/mjleclerc.org\/wordpress\/?s={search_term_string}\"},\"query-input\":{\"@type\":\"PropertyValueSpecification\",\"valueRequired\":true,\"valueName\":\"search_term_string\"}}],\"inLanguage\":\"fr-FR\"}]}<\/script>\n<!-- \/ Yoast SEO plugin. -->","yoast_head_json":{"title":"Contact - Marie-Jos\u00e9 Leclerc","description":"Contact - Rolfing and Spiritual workshops - Marie-Jos\u00e9 Leclerc","robots":{"index":"index","follow":"follow","max-snippet":"max-snippet:-1","max-image-preview":"max-image-preview:large","max-video-preview":"max-video-preview:-1"},"canonical":"https:\/\/mjleclerc.org\/wordpress\/contact-links\/","og_locale":"fr_FR","og_type":"article","og_title":"Contact - Marie-Jos\u00e9 Leclerc","og_description":"Contact - Rolfing and Spiritual workshops - Marie-Jos\u00e9 Leclerc","og_url":"https:\/\/mjleclerc.org\/wordpress\/contact-links\/","og_site_name":"Marie-Jos\u00e9 Leclerc","article_modified_time":"2026-01-27T21:18:10+00:00","twitter_card":"summary_large_image","twitter_misc":{"Dur\u00e9e de lecture estim\u00e9e":"1 minute"},"schema":{"@context":"https:\/\/schema.org","@graph":[{"@type":"WebPage","@id":"https:\/\/mjleclerc.org\/wordpress\/contact-links\/","url":"https:\/\/mjleclerc.org\/wordpress\/contact-links\/","name":"Contact - Marie-Jos\u00e9 Leclerc","isPartOf":{"@id":"http:\/\/mjleclerc.org\/wordpress\/#website"},"datePublished":"2014-09-22T13:33:39+00:00","dateModified":"2026-01-27T21:18:10+00:00","description":"Contact - Rolfing and Spiritual workshops - Marie-Jos\u00e9 Leclerc","breadcrumb":{"@id":"https:\/\/mjleclerc.org\/wordpress\/contact-links\/#breadcrumb"},"inLanguage":"fr-FR","potentialAction":[{"@type":"ReadAction","target":["https:\/\/mjleclerc.org\/wordpress\/contact-links\/"]}]},{"@type":"BreadcrumbList","@id":"https:\/\/mjleclerc.org\/wordpress\/contact-links\/#breadcrumb","itemListElement":[{"@type":"ListItem","position":1,"name":"Home","item":"http:\/\/mjleclerc.org\/wordpress\/?lang=en"},{"@type":"ListItem","position":2,"name":"Contact"}]},{"@type":"WebSite","@id":"http:\/\/mjleclerc.org\/wordpress\/#website","url":"http:\/\/mjleclerc.org\/wordpress\/","name":"Marie-Jos\u00e9 Leclerc","description":"Rolfing and Spiritual workshops","potentialAction":[{"@type":"SearchAction","target":{"@type":"EntryPoint","urlTemplate":"http:\/\/mjleclerc.org\/wordpress\/?s={search_term_string}"},"query-input":{"@type":"PropertyValueSpecification","valueRequired":true,"valueName":"search_term_string"}}],"inLanguage":"fr-FR"}]}},"_links":{"self":[{"href":"http:\/\/mjleclerc.org\/wordpress\/wp-json\/wp\/v2\/pages\/30","targetHints":{"allow":["GET"]}}],"collection":[{"href":"http:\/\/mjleclerc.org\/wordpress\/wp-json\/wp\/v2\/pages"}],"about":[{"href":"http:\/\/mjleclerc.org\/wordpress\/wp-json\/wp\/v2\/types\/page"}],"author":[{"embeddable":true,"href":"http:\/\/mjleclerc.org\/wordpress\/wp-json\/wp\/v2\/users\/1"}],"replies":[{"embeddable":true,"href":"http:\/\/mjleclerc.org\/wordpress\/wp-json\/wp\/v2\/comments?post=30"}],"version-history":[{"count":21,"href":"http:\/\/mjleclerc.org\/wordpress\/wp-json\/wp\/v2\/pages\/30\/revisions"}],"predecessor-version":[{"id":949,"href":"http:\/\/mjleclerc.org\/wordpress\/wp-json\/wp\/v2\/pages\/30\/revisions\/949"}],"wp:attachment":[{"href":"http:\/\/mjleclerc.org\/wordpress\/wp-json\/wp\/v2\/media?parent=30"}],"curies":[{"name":"wp","href":"https:\/\/api.w.org\/{rel}","templated":true}]}}