{"id":261,"date":"2015-01-07T15:26:43","date_gmt":"2015-01-07T14:26:43","guid":{"rendered":"http:\/\/mjleclerc.org\/wordpress\/?page_id=261"},"modified":"2026-01-28T17:11:35","modified_gmt":"2026-01-28T22:11:35","slug":"active-meditation","status":"publish","type":"page","link":"http:\/\/mjleclerc.org\/wordpress\/active-meditation\/","title":{"rendered":"Danse-m\u00e9ditation"},"content":{"rendered":"<p>On sait que la pratique r\u00e9guli\u00e8re de la m\u00e9ditation permet de d\u00e9velopper un espace de silence et d\u2019immobilit\u00e9 int\u00e9rieure, o\u00f9 l\u2019esprit se d\u00e9gage de l\u2019agitation perp\u00e9tuelle du mental et s\u2019apaise. Ultimement, cet \u00e9tat de pr\u00e9sence nous permet de prendre du recul face aux fluctuations de la r\u00e9alit\u00e9, afin de mieux nous relier \u00e0 notre essence profonde. Nous reposons simplement et enti\u00e8rement au coeur ce qui est, ici, maintenant.<\/p>\n<p><strong>\u00a0<\/strong><a href=\"http:\/\/mjleclerc.org\/wordpress\/wp-content\/uploads\/2015\/01\/in-text-MJ-danse.jpg\"><img loading=\"lazy\" decoding=\"async\" class=\" size-full wp-image-351 alignleft\" src=\"http:\/\/mjleclerc.org\/wordpress\/wp-content\/uploads\/2015\/01\/in-text-MJ-danse.jpg\" alt=\"(in text) MJ danse\" width=\"300\" height=\"225\" \/><\/a>Les m\u00e9ditations dans\u00e9es\u00a0comportent des\u00a0phases actives de mouvement libre \u00a0sur musiques vari\u00e9es choisies parmi tous les r\u00e9pertoires &#8211; classique, pop, folk, ethnique, \u00e9lectronique, new age, etc. &#8211; et organis\u00e9es selon une progression rythmique qui nous invite \u00e0 nous enraciner plus profond\u00e9ment dans notre corps, bouger, d\u00e9charger nos tensions et c\u00e9l\u00e9brer la vie. Elles se terminent par une p\u00e9riode de silence et d\u2019immobilit\u00e9, o\u00f9 nous nous d\u00e9posons dans un \u00e9tat de\u00a0qui\u00e9tude m\u00e9ditative,\u00a0centr\u00e9s dans le moment pr\u00e9sent.\u00a0On ressort des m\u00e9ditations dans\u00e9es\u00a0all\u00e9g\u00e9, apais\u00e9, revitalis\u00e9s, avec la sensation que notre corps et notre esprit sont en meilleur \u00e9quilibre.<\/p>\n<p>Les m\u00e9ditations dans\u00e9es et autres m\u00e9ditations actives font partie de ma vie depuis plusieurs ann\u00e9es. Je les pratique pour mon propre bien-\u00eatre et les utilise dans mes ateliers et stages.<\/p>\n<h3><\/h3>\n<p><a href=\"http:\/\/mjleclerc.org\/wordpress\/wp-content\/uploads\/2014\/10\/horline-pale.png\"><img loading=\"lazy\" decoding=\"async\" class=\"alignnone size-full wp-image-224\" src=\"http:\/\/mjleclerc.org\/wordpress\/wp-content\/uploads\/2014\/10\/horline-pale.png\" alt=\"horline-pale\" width=\"1140\" height=\"128\" srcset=\"http:\/\/mjleclerc.org\/wordpress\/wp-content\/uploads\/2014\/10\/horline-pale.png 1140w, http:\/\/mjleclerc.org\/wordpress\/wp-content\/uploads\/2014\/10\/horline-pale-300x33.png 300w, http:\/\/mjleclerc.org\/wordpress\/wp-content\/uploads\/2014\/10\/horline-pale-1024x114.png 1024w\" sizes=\"auto, (max-width: 1140px) 100vw, 1140px\" \/><\/a><\/p>\n<h5><\/h5>\n<h3><strong>Liens<\/strong><\/h3>\n<p><a href=\"http:\/\/www.5rhythms.com\/gabrielle-roths-5rhythms\/why-we-dance-them\/\">http:\/\/www.5rhythms.com\/gabrielle-roths-5rhythms\/why-we-dance-them\/<\/a>\u00a0(en anglais seulement)<\/p>\n<p><a href=\"http:\/\/www.osho.com\/fr\/meditate\">http:\/\/www.osho.com\/fr\/meditate<\/a><\/p>","protected":false},"excerpt":{"rendered":"<p>On sait que la pratique r\u00e9guli\u00e8re de la m\u00e9ditation permet de d\u00e9velopper un espace de silence et d\u2019immobilit\u00e9 int\u00e9rieure, o\u00f9 l\u2019esprit se d\u00e9gage de l\u2019agitation perp\u00e9tuelle du mental et s\u2019apaise. Ultimement, cet \u00e9tat de pr\u00e9sence nous permet de prendre du recul face aux fluctuations de la r\u00e9alit\u00e9, afin de mieux nous relier \u00e0 notre essence [&hellip;]<\/p>\n","protected":false},"author":1,"featured_media":0,"parent":0,"menu_order":0,"comment_status":"closed","ping_status":"open","template":"","meta":{"footnotes":""},"class_list":["post-261","page","type-page","status-publish","hentry"],"yoast_head":"<!-- This site is optimized with the Yoast SEO plugin v24.5 - https:\/\/yoast.com\/wordpress\/plugins\/seo\/ -->\n<title>Danse-m\u00e9ditation  - Marie-Jos\u00e9 Leclerc<\/title>\n<meta name=\"description\" content=\"[:fr]Danse-m\u00e9ditation [:en]Dance-Meditation[:] - Rolfing and Spiritual workshops - Marie-Jos\u00e9 Leclerc\" \/>\n<meta name=\"robots\" content=\"index, follow, max-snippet:-1, max-image-preview:large, max-video-preview:-1\" \/>\n<link rel=\"canonical\" href=\"https:\/\/mjleclerc.org\/wordpress\/active-meditation\/\" \/>\n<meta property=\"og:locale\" content=\"fr_FR\" \/>\n<meta property=\"og:type\" content=\"article\" \/>\n<meta property=\"og:title\" content=\"[:fr]Danse-m\u00e9ditation [:en]Dance-Meditation[:] - Marie-Jos\u00e9 Leclerc\" \/>\n<meta property=\"og:description\" content=\"[:fr]Danse-m\u00e9ditation [:en]Dance-Meditation[:] - Rolfing and Spiritual workshops - Marie-Jos\u00e9 Leclerc\" \/>\n<meta property=\"og:url\" content=\"https:\/\/mjleclerc.org\/wordpress\/active-meditation\/\" \/>\n<meta property=\"og:site_name\" content=\"Marie-Jos\u00e9 Leclerc\" \/>\n<meta property=\"article:modified_time\" content=\"2026-01-28T22:11:35+00:00\" \/>\n<meta property=\"og:image\" content=\"http:\/\/mjleclerc.org\/wordpress\/wp-content\/uploads\/2015\/01\/in-text-MJ-danse.jpg\" \/>\n<meta name=\"twitter:card\" content=\"summary_large_image\" \/>\n<meta name=\"twitter:label1\" content=\"Dur\u00e9e de lecture estim\u00e9e\" \/>\n\t<meta name=\"twitter:data1\" content=\"2 minutes\" \/>\n<script type=\"application\/ld+json\" class=\"yoast-schema-graph\">{\"@context\":\"https:\/\/schema.org\",\"@graph\":[{\"@type\":\"WebPage\",\"@id\":\"https:\/\/mjleclerc.org\/wordpress\/active-meditation\/\",\"url\":\"https:\/\/mjleclerc.org\/wordpress\/active-meditation\/\",\"name\":\"[:fr]Danse-m\u00e9ditation [:en]Dance-Meditation[:] - Marie-Jos\u00e9 Leclerc\",\"isPartOf\":{\"@id\":\"http:\/\/mjleclerc.org\/wordpress\/#website\"},\"primaryImageOfPage\":{\"@id\":\"https:\/\/mjleclerc.org\/wordpress\/active-meditation\/#primaryimage\"},\"image\":{\"@id\":\"https:\/\/mjleclerc.org\/wordpress\/active-meditation\/#primaryimage\"},\"thumbnailUrl\":\"http:\/\/mjleclerc.org\/wordpress\/wp-content\/uploads\/2015\/01\/in-text-MJ-danse.jpg\",\"datePublished\":\"2015-01-07T14:26:43+00:00\",\"dateModified\":\"2026-01-28T22:11:35+00:00\",\"description\":\"[:fr]Danse-m\u00e9ditation [:en]Dance-Meditation[:] - Rolfing and Spiritual workshops - Marie-Jos\u00e9 Leclerc\",\"breadcrumb\":{\"@id\":\"https:\/\/mjleclerc.org\/wordpress\/active-meditation\/#breadcrumb\"},\"inLanguage\":\"fr-FR\",\"potentialAction\":[{\"@type\":\"ReadAction\",\"target\":[\"https:\/\/mjleclerc.org\/wordpress\/active-meditation\/\"]}]},{\"@type\":\"ImageObject\",\"inLanguage\":\"fr-FR\",\"@id\":\"https:\/\/mjleclerc.org\/wordpress\/active-meditation\/#primaryimage\",\"url\":\"http:\/\/mjleclerc.org\/wordpress\/wp-content\/uploads\/2015\/01\/in-text-MJ-danse.jpg\",\"contentUrl\":\"http:\/\/mjleclerc.org\/wordpress\/wp-content\/uploads\/2015\/01\/in-text-MJ-danse.jpg\",\"width\":300,\"height\":225},{\"@type\":\"BreadcrumbList\",\"@id\":\"https:\/\/mjleclerc.org\/wordpress\/active-meditation\/#breadcrumb\",\"itemListElement\":[{\"@type\":\"ListItem\",\"position\":1,\"name\":\"Home\",\"item\":\"http:\/\/mjleclerc.org\/wordpress\/?lang=en\"},{\"@type\":\"ListItem\",\"position\":2,\"name\":\"Danse-m\u00e9ditation\"}]},{\"@type\":\"WebSite\",\"@id\":\"http:\/\/mjleclerc.org\/wordpress\/#website\",\"url\":\"http:\/\/mjleclerc.org\/wordpress\/\",\"name\":\"Marie-Jos\u00e9 Leclerc\",\"description\":\"Rolfing and Spiritual workshops\",\"potentialAction\":[{\"@type\":\"SearchAction\",\"target\":{\"@type\":\"EntryPoint\",\"urlTemplate\":\"http:\/\/mjleclerc.org\/wordpress\/?s={search_term_string}\"},\"query-input\":{\"@type\":\"PropertyValueSpecification\",\"valueRequired\":true,\"valueName\":\"search_term_string\"}}],\"inLanguage\":\"fr-FR\"}]}<\/script>\n<!-- \/ Yoast SEO plugin. -->","yoast_head_json":{"title":"[:fr]Danse-m\u00e9ditation [:en]Dance-Meditation[:] - Marie-Jos\u00e9 Leclerc","description":"[:fr]Danse-m\u00e9ditation [:en]Dance-Meditation[:] - Rolfing and Spiritual workshops - Marie-Jos\u00e9 Leclerc","robots":{"index":"index","follow":"follow","max-snippet":"max-snippet:-1","max-image-preview":"max-image-preview:large","max-video-preview":"max-video-preview:-1"},"canonical":"https:\/\/mjleclerc.org\/wordpress\/active-meditation\/","og_locale":"fr_FR","og_type":"article","og_title":"[:fr]Danse-m\u00e9ditation [:en]Dance-Meditation[:] - Marie-Jos\u00e9 Leclerc","og_description":"[:fr]Danse-m\u00e9ditation [:en]Dance-Meditation[:] - Rolfing and Spiritual workshops - Marie-Jos\u00e9 Leclerc","og_url":"https:\/\/mjleclerc.org\/wordpress\/active-meditation\/","og_site_name":"Marie-Jos\u00e9 Leclerc","article_modified_time":"2026-01-28T22:11:35+00:00","og_image":[{"url":"http:\/\/mjleclerc.org\/wordpress\/wp-content\/uploads\/2015\/01\/in-text-MJ-danse.jpg","type":"","width":"","height":""}],"twitter_card":"summary_large_image","twitter_misc":{"Dur\u00e9e de lecture estim\u00e9e":"2 minutes"},"schema":{"@context":"https:\/\/schema.org","@graph":[{"@type":"WebPage","@id":"https:\/\/mjleclerc.org\/wordpress\/active-meditation\/","url":"https:\/\/mjleclerc.org\/wordpress\/active-meditation\/","name":"[:fr]Danse-m\u00e9ditation [:en]Dance-Meditation[:] - Marie-Jos\u00e9 Leclerc","isPartOf":{"@id":"http:\/\/mjleclerc.org\/wordpress\/#website"},"primaryImageOfPage":{"@id":"https:\/\/mjleclerc.org\/wordpress\/active-meditation\/#primaryimage"},"image":{"@id":"https:\/\/mjleclerc.org\/wordpress\/active-meditation\/#primaryimage"},"thumbnailUrl":"http:\/\/mjleclerc.org\/wordpress\/wp-content\/uploads\/2015\/01\/in-text-MJ-danse.jpg","datePublished":"2015-01-07T14:26:43+00:00","dateModified":"2026-01-28T22:11:35+00:00","description":"[:fr]Danse-m\u00e9ditation [:en]Dance-Meditation[:] - Rolfing and Spiritual workshops - Marie-Jos\u00e9 Leclerc","breadcrumb":{"@id":"https:\/\/mjleclerc.org\/wordpress\/active-meditation\/#breadcrumb"},"inLanguage":"fr-FR","potentialAction":[{"@type":"ReadAction","target":["https:\/\/mjleclerc.org\/wordpress\/active-meditation\/"]}]},{"@type":"ImageObject","inLanguage":"fr-FR","@id":"https:\/\/mjleclerc.org\/wordpress\/active-meditation\/#primaryimage","url":"http:\/\/mjleclerc.org\/wordpress\/wp-content\/uploads\/2015\/01\/in-text-MJ-danse.jpg","contentUrl":"http:\/\/mjleclerc.org\/wordpress\/wp-content\/uploads\/2015\/01\/in-text-MJ-danse.jpg","width":300,"height":225},{"@type":"BreadcrumbList","@id":"https:\/\/mjleclerc.org\/wordpress\/active-meditation\/#breadcrumb","itemListElement":[{"@type":"ListItem","position":1,"name":"Home","item":"http:\/\/mjleclerc.org\/wordpress\/?lang=en"},{"@type":"ListItem","position":2,"name":"Danse-m\u00e9ditation"}]},{"@type":"WebSite","@id":"http:\/\/mjleclerc.org\/wordpress\/#website","url":"http:\/\/mjleclerc.org\/wordpress\/","name":"Marie-Jos\u00e9 Leclerc","description":"Rolfing and Spiritual workshops","potentialAction":[{"@type":"SearchAction","target":{"@type":"EntryPoint","urlTemplate":"http:\/\/mjleclerc.org\/wordpress\/?s={search_term_string}"},"query-input":{"@type":"PropertyValueSpecification","valueRequired":true,"valueName":"search_term_string"}}],"inLanguage":"fr-FR"}]}},"_links":{"self":[{"href":"http:\/\/mjleclerc.org\/wordpress\/wp-json\/wp\/v2\/pages\/261","targetHints":{"allow":["GET"]}}],"collection":[{"href":"http:\/\/mjleclerc.org\/wordpress\/wp-json\/wp\/v2\/pages"}],"about":[{"href":"http:\/\/mjleclerc.org\/wordpress\/wp-json\/wp\/v2\/types\/page"}],"author":[{"embeddable":true,"href":"http:\/\/mjleclerc.org\/wordpress\/wp-json\/wp\/v2\/users\/1"}],"replies":[{"embeddable":true,"href":"http:\/\/mjleclerc.org\/wordpress\/wp-json\/wp\/v2\/comments?post=261"}],"version-history":[{"count":54,"href":"http:\/\/mjleclerc.org\/wordpress\/wp-json\/wp\/v2\/pages\/261\/revisions"}],"predecessor-version":[{"id":958,"href":"http:\/\/mjleclerc.org\/wordpress\/wp-json\/wp\/v2\/pages\/261\/revisions\/958"}],"wp:attachment":[{"href":"http:\/\/mjleclerc.org\/wordpress\/wp-json\/wp\/v2\/media?parent=261"}],"curies":[{"name":"wp","href":"https:\/\/api.w.org\/{rel}","templated":true}]}}