{"id":126,"date":"2014-10-14T23:27:57","date_gmt":"2014-10-14T22:27:57","guid":{"rendered":"http:\/\/mjleclerc.org\/wordpress\/?page_id=126"},"modified":"2026-01-27T16:15:14","modified_gmt":"2026-01-27T21:15:14","slug":"welcome-2","status":"publish","type":"page","link":"http:\/\/mjleclerc.org\/wordpress\/","title":{"rendered":"Bienvenue"},"content":{"rendered":"<p><strong>Bienvenue<\/strong> <strong>dans mon site web, o\u00f9 il me fait grand plaisir de vous pr\u00e9senter les<\/strong> <strong>diverses facettes de mes activit\u00e9s professionnelles<\/strong>.<\/p>\n<p><img loading=\"lazy\" decoding=\"async\" class=\" wp-image-943 alignleft\" src=\"http:\/\/mjleclerc.org\/wordpress\/wp-content\/uploads\/2026\/01\/MJ-01-26-scaled-e1769535878930.jpeg\" alt=\"\" width=\"267\" height=\"356\" srcset=\"http:\/\/mjleclerc.org\/wordpress\/wp-content\/uploads\/2026\/01\/MJ-01-26-scaled-e1769535878930.jpeg 1920w, http:\/\/mjleclerc.org\/wordpress\/wp-content\/uploads\/2026\/01\/MJ-01-26-scaled-e1769535878930-225x300.jpeg 225w, http:\/\/mjleclerc.org\/wordpress\/wp-content\/uploads\/2026\/01\/MJ-01-26-scaled-e1769535878930-768x1024.jpeg 768w, http:\/\/mjleclerc.org\/wordpress\/wp-content\/uploads\/2026\/01\/MJ-01-26-scaled-e1769535878930-1152x1536.jpeg 1152w, http:\/\/mjleclerc.org\/wordpress\/wp-content\/uploads\/2026\/01\/MJ-01-26-scaled-e1769535878930-1536x2048.jpeg 1536w\" sizes=\"auto, (max-width: 267px) 100vw, 267px\" \/><\/p>\n<p>&nbsp;<\/p>\n<p style=\"text-align: left;\">Issue d\u2019un p\u00e8re ing\u00e9nieur et d\u2019une m\u00e8re artiste, j\u2019ai h\u00e9rit\u00e9 de pieds bien plant\u00e9s sur la terre, d\u2019une grande sensibilit\u00e9, et d&rsquo;une immense curiosit\u00e9 pour tout ce qui r\u00e9f\u00e8re \u00e0 l&rsquo;imaginaire.<\/p>\n<p style=\"text-align: left;\">Les services que j\u2019offre sont tous en lien avec le corps, les portes qui s\u2019ouvrent lorsque la conscience s\u2019y enracine; celles qui donnent\u00a0 acc\u00e8s aux myst\u00e9rieuses ressources de la psych\u00e9 humaine.<\/p>\n<p style=\"text-align: left;\">Mes diverses comp\u00e9tences sont intimement reli\u00e9es entre elles et continuent de s&rsquo;enrichir mutuellement au fil des ans, \u00e0 travers mes apprentissages, mes pratiques, mes explorations et mon travail.<\/p>\n<p>&nbsp;<\/p>\n<p>Je vous invite \u00e0 consulter les pages relatives \u00e0 chacun de mes secteurs d\u2019activit\u00e9s et aussi, pour une perspective plus large sur la vision qui les sous-tend, \u00e0 lire les articles que j\u2019ai \u00e9crits (menu d\u00e9filant, \u00e0 droite).<\/p>\n<p>Bonne lecture !<\/p>\n<p>&nbsp;<\/p>\n<h3><strong>Dipl\u00f4mes :<\/strong><\/h3>\n<p>&#8211; Baccalaur\u00e9at es arts en litt\u00e9rature fran\u00e7aise (1981 ; Universit\u00e9 Laval)<\/p>\n<p>&#8211; <em>Rolfeuse<\/em> certifi\u00e9e (1985 ; Rolf Institute :\u00a0<a title=\"http:\/\/www.rolf.org\" href=\"http:\/\/www.rolf.org\/\">http:\/\/www.rolf.org<\/a>)<\/p>\n<p>&#8211; <em>Rolfeuse<\/em> avanc\u00e9e certifi\u00e9e (1989)<\/p>\n<p>&#8211; Praticienne du <em>mouvement Rolf<\/em> certifi\u00e9e (2002)<\/p>\n<p>&#8211; Praticienne en travail rituel (2008 ;\u00a0<a title=\"http:\/\/www.horites.com\/Accueil_1.html\" href=\"http:\/\/www.horites.com\/Accueil_1.html\">http:\/\/www.horites.com<\/a>)<\/p>\n<p>&#8211; M\u00e9dium\u00a0(2010 ;\u00a0<a title=\"http:\/\/www.formationenmediumnite.com\/formation.html\" href=\"http:\/\/www.formationenmediumnite.com\/formation.html\">http:\/\/www.formationenmediumnite.com\/formation.html<\/a>)<\/p>\n<h3><strong>\u00c9tudiante libre :<\/strong><\/h3>\n<p>&#8211; Facult\u00e9 de journalisme (1977-78 ; Universit\u00e9 de Strasbourg, France &#8211; temps plein)<\/p>\n<p>&#8211; <em>Boulder School of Massage Therapy<\/em> (1983-84 ; Boulder, Colorado &#8211; temps plein)<\/p>\n<p>&#8211; Arts plastiques ( 1986-1988 ; CEGEP Ste-Foy &#8211; temps partiel)<\/p>\n<h3><strong>Cours, ateliers, etc. :<\/strong><\/h3>\n<p>(Ici ne sont mentionn\u00e9s que ceux dans lesquels je me suis engag\u00e9e de mani\u00e8re plus assidue)<\/p>\n<p>&#8211; Yoga (depuis 1981 \/ multiples approches)<\/p>\n<p>&#8211; Ki-A\u00efkido (1983-87 \/ ceinture brune)<\/p>\n<p>&#8211; \u00c9ducation continue en <em>Rolfing<sup>\u00ae<\/sup><\/em> (depuis 1986&#8230; \u00a0\u00c0 ce jour!)<\/p>\n<p>&#8211; Th\u00e9\u00e2tre et impro<\/p>\n<p>&#8211; Chant chorale, impro voix<\/p>\n<p>&#8211; Ateliers de Constellations familiales<\/p>\n<p>&#8211; Cercle de travail sur la pr\u00e9sence<\/p>\n<p>&#8211; Ateliers shamaniques (qu\u00eates de vision, loges de sudation, rituels saisonniers, cercle de tambour, etc.)<\/p>\n<p>&#8211; 5Rythms (danse &amp; mouvement :\u00a0<a title=\"http:\/\/www.5rhythms.com\" href=\"http:\/\/www.5rhythms.com\">http:\/\/www.5rhythms.com<\/a>)<\/p>\n<p>&#8211; Chant lyrique &#8211; Au gr\u00e9 des chants (<a href=\"https:\/\/www.facebook.com\/profile.php?id=100094709023525\">https:\/\/www.facebook.com\/profile.php?id=100094709023525<\/a>)<\/p>\n<p>&#8211; Formation en hypnose (en cours)<\/p>\n<h3><strong>Exp\u00e9riences de travail pertinentes :<\/strong><\/h3>\n<p>&#8211; Praticienne en Rolfing<\/p>\n<p>&#8211; Assistante \u00e0 la formation (1996 ; Rolf Institute)<\/p>\n<p>&#8211; \u00c9valuatrice d\u2019\u00e9preuves \u00e9crites d\u2019admission pr\u00e9-requises \u00e0 la formation en <em>Rolfing<\/em> (1997-99 ; Rolf Institute)<\/p>\n<p>&#8211; Assistante de Paule Lebrun (1995-2006 ; Ho Rites )<\/p>\n<p>&#8211; Consultante et Coach d\u2019\u00e9tudiants en formation de praticien en travail rituel (2006-10 ; Ho Rites)<\/p>\n<p>&#8211; Mentor d\u2019\u00e9tudiants en formation (2013-14 ; Rolf Institute)<\/p>\n<p>&#8211; Membre du conseil d&rsquo;administration de L&rsquo;Association canadienne de <em>Rolfing<\/em> (01-2015 \u00e0 10-2017)<\/p>\n<p>&#8211; Co-animatrice de stages (Souffle, voix, corps et psych\u00e9)<\/p>\n<p>&nbsp;<\/p>\n<p><strong>Enfin depuis toujours je pratique le v\u00e9lo, le canot, la natation, la randonn\u00e9e, la raquette, etc., selon les saisons. \u00c0 mesure que j&rsquo;avance en \u00e2ge, mes marches en nature sont de plus en plus contemplatives et m&rsquo;offrent l&rsquo;occasion d&rsquo;\u00eatre profond\u00e9ment pr\u00e9sente \u00e0 la beaut\u00e9 du Monde&#8230;<\/strong><\/p>","protected":false},"excerpt":{"rendered":"<p>Bienvenue dans mon site web, o\u00f9 il me fait grand plaisir de vous pr\u00e9senter les diverses facettes de mes activit\u00e9s professionnelles. &nbsp; Issue d\u2019un p\u00e8re ing\u00e9nieur et d\u2019une m\u00e8re artiste, j\u2019ai h\u00e9rit\u00e9 de pieds bien plant\u00e9s sur la terre, d\u2019une grande sensibilit\u00e9, et d&rsquo;une immense curiosit\u00e9 pour tout ce qui r\u00e9f\u00e8re \u00e0 l&rsquo;imaginaire. Les services [&hellip;]<\/p>\n","protected":false},"author":1,"featured_media":0,"parent":0,"menu_order":0,"comment_status":"closed","ping_status":"open","template":"","meta":{"footnotes":""},"class_list":["post-126","page","type-page","status-publish","hentry"],"yoast_head":"<!-- This site is optimized with the Yoast SEO plugin v24.5 - https:\/\/yoast.com\/wordpress\/plugins\/seo\/ -->\n<title>Bienvenue - Marie-Jos\u00e9 Leclerc<\/title>\n<meta name=\"description\" content=\"[:fr]Bienvenue[:en]Welcome[:] - Rolfing and Spiritual workshops - Marie-Jos\u00e9 Leclerc\" \/>\n<meta name=\"robots\" content=\"index, follow, max-snippet:-1, max-image-preview:large, max-video-preview:-1\" \/>\n<link rel=\"canonical\" href=\"http:\/\/mjleclerc.org\/wordpress\/?lang=en\" \/>\n<meta property=\"og:locale\" content=\"fr_FR\" \/>\n<meta property=\"og:type\" content=\"article\" \/>\n<meta property=\"og:title\" content=\"[:fr]Bienvenue[:en]Welcome[:] - Marie-Jos\u00e9 Leclerc\" \/>\n<meta property=\"og:description\" content=\"[:fr]Bienvenue[:en]Welcome[:] - Rolfing and Spiritual workshops - Marie-Jos\u00e9 Leclerc\" \/>\n<meta property=\"og:url\" content=\"http:\/\/mjleclerc.org\/wordpress\/?lang=en\" \/>\n<meta property=\"og:site_name\" content=\"Marie-Jos\u00e9 Leclerc\" \/>\n<meta property=\"article:modified_time\" content=\"2026-01-27T21:15:14+00:00\" \/>\n<meta property=\"og:image\" content=\"http:\/\/mjleclerc.org\/wordpress\/wp-content\/uploads\/2026\/01\/MJ-01-26-scaled-e1769535878930.jpeg\" \/>\n<meta name=\"twitter:card\" content=\"summary_large_image\" \/>\n<meta name=\"twitter:label1\" content=\"Dur\u00e9e de lecture estim\u00e9e\" \/>\n\t<meta name=\"twitter:data1\" content=\"3 minutes\" \/>\n<script type=\"application\/ld+json\" class=\"yoast-schema-graph\">{\"@context\":\"https:\/\/schema.org\",\"@graph\":[{\"@type\":\"WebPage\",\"@id\":\"http:\/\/mjleclerc.org\/wordpress\/?lang=en\",\"url\":\"http:\/\/mjleclerc.org\/wordpress\/?lang=en\",\"name\":\"[:fr]Bienvenue[:en]Welcome[:] - Marie-Jos\u00e9 Leclerc\",\"isPartOf\":{\"@id\":\"http:\/\/mjleclerc.org\/wordpress\/#website\"},\"primaryImageOfPage\":{\"@id\":\"http:\/\/mjleclerc.org\/wordpress\/?lang=en#primaryimage\"},\"image\":{\"@id\":\"http:\/\/mjleclerc.org\/wordpress\/?lang=en#primaryimage\"},\"thumbnailUrl\":\"http:\/\/mjleclerc.org\/wordpress\/wp-content\/uploads\/2026\/01\/MJ-01-26-scaled-e1769535878930.jpeg\",\"datePublished\":\"2014-10-14T22:27:57+00:00\",\"dateModified\":\"2026-01-27T21:15:14+00:00\",\"description\":\"[:fr]Bienvenue[:en]Welcome[:] - Rolfing and Spiritual workshops - Marie-Jos\u00e9 Leclerc\",\"breadcrumb\":{\"@id\":\"http:\/\/mjleclerc.org\/wordpress\/?lang=en#breadcrumb\"},\"inLanguage\":\"fr-FR\",\"potentialAction\":[{\"@type\":\"ReadAction\",\"target\":[\"http:\/\/mjleclerc.org\/wordpress\/?lang=en\"]}]},{\"@type\":\"ImageObject\",\"inLanguage\":\"fr-FR\",\"@id\":\"http:\/\/mjleclerc.org\/wordpress\/?lang=en#primaryimage\",\"url\":\"http:\/\/mjleclerc.org\/wordpress\/wp-content\/uploads\/2026\/01\/MJ-01-26-scaled-e1769535878930.jpeg\",\"contentUrl\":\"http:\/\/mjleclerc.org\/wordpress\/wp-content\/uploads\/2026\/01\/MJ-01-26-scaled-e1769535878930.jpeg\",\"width\":1920,\"height\":2560},{\"@type\":\"BreadcrumbList\",\"@id\":\"http:\/\/mjleclerc.org\/wordpress\/?lang=en#breadcrumb\",\"itemListElement\":[{\"@type\":\"ListItem\",\"position\":1,\"name\":\"Home\",\"item\":\"http:\/\/mjleclerc.org\/wordpress\/?lang=en\"},{\"@type\":\"ListItem\",\"position\":2,\"name\":\"Welcome\"}]},{\"@type\":\"WebSite\",\"@id\":\"http:\/\/mjleclerc.org\/wordpress\/#website\",\"url\":\"http:\/\/mjleclerc.org\/wordpress\/\",\"name\":\"Marie-Jos\u00e9 Leclerc\",\"description\":\"Rolfing and Spiritual workshops\",\"potentialAction\":[{\"@type\":\"SearchAction\",\"target\":{\"@type\":\"EntryPoint\",\"urlTemplate\":\"http:\/\/mjleclerc.org\/wordpress\/?s={search_term_string}\"},\"query-input\":{\"@type\":\"PropertyValueSpecification\",\"valueRequired\":true,\"valueName\":\"search_term_string\"}}],\"inLanguage\":\"fr-FR\"}]}<\/script>\n<!-- \/ Yoast SEO plugin. -->","yoast_head_json":{"title":"[:fr]Bienvenue[:en]Welcome[:] - Marie-Jos\u00e9 Leclerc","description":"[:fr]Bienvenue[:en]Welcome[:] - Rolfing and Spiritual workshops - Marie-Jos\u00e9 Leclerc","robots":{"index":"index","follow":"follow","max-snippet":"max-snippet:-1","max-image-preview":"max-image-preview:large","max-video-preview":"max-video-preview:-1"},"canonical":"http:\/\/mjleclerc.org\/wordpress\/?lang=en","og_locale":"fr_FR","og_type":"article","og_title":"[:fr]Bienvenue[:en]Welcome[:] - Marie-Jos\u00e9 Leclerc","og_description":"[:fr]Bienvenue[:en]Welcome[:] - Rolfing and Spiritual workshops - Marie-Jos\u00e9 Leclerc","og_url":"http:\/\/mjleclerc.org\/wordpress\/?lang=en","og_site_name":"Marie-Jos\u00e9 Leclerc","article_modified_time":"2026-01-27T21:15:14+00:00","og_image":[{"url":"http:\/\/mjleclerc.org\/wordpress\/wp-content\/uploads\/2026\/01\/MJ-01-26-scaled-e1769535878930.jpeg","type":"","width":"","height":""}],"twitter_card":"summary_large_image","twitter_misc":{"Dur\u00e9e de lecture estim\u00e9e":"3 minutes"},"schema":{"@context":"https:\/\/schema.org","@graph":[{"@type":"WebPage","@id":"http:\/\/mjleclerc.org\/wordpress\/?lang=en","url":"http:\/\/mjleclerc.org\/wordpress\/?lang=en","name":"[:fr]Bienvenue[:en]Welcome[:] - Marie-Jos\u00e9 Leclerc","isPartOf":{"@id":"http:\/\/mjleclerc.org\/wordpress\/#website"},"primaryImageOfPage":{"@id":"http:\/\/mjleclerc.org\/wordpress\/?lang=en#primaryimage"},"image":{"@id":"http:\/\/mjleclerc.org\/wordpress\/?lang=en#primaryimage"},"thumbnailUrl":"http:\/\/mjleclerc.org\/wordpress\/wp-content\/uploads\/2026\/01\/MJ-01-26-scaled-e1769535878930.jpeg","datePublished":"2014-10-14T22:27:57+00:00","dateModified":"2026-01-27T21:15:14+00:00","description":"[:fr]Bienvenue[:en]Welcome[:] - Rolfing and Spiritual workshops - Marie-Jos\u00e9 Leclerc","breadcrumb":{"@id":"http:\/\/mjleclerc.org\/wordpress\/?lang=en#breadcrumb"},"inLanguage":"fr-FR","potentialAction":[{"@type":"ReadAction","target":["http:\/\/mjleclerc.org\/wordpress\/?lang=en"]}]},{"@type":"ImageObject","inLanguage":"fr-FR","@id":"http:\/\/mjleclerc.org\/wordpress\/?lang=en#primaryimage","url":"http:\/\/mjleclerc.org\/wordpress\/wp-content\/uploads\/2026\/01\/MJ-01-26-scaled-e1769535878930.jpeg","contentUrl":"http:\/\/mjleclerc.org\/wordpress\/wp-content\/uploads\/2026\/01\/MJ-01-26-scaled-e1769535878930.jpeg","width":1920,"height":2560},{"@type":"BreadcrumbList","@id":"http:\/\/mjleclerc.org\/wordpress\/?lang=en#breadcrumb","itemListElement":[{"@type":"ListItem","position":1,"name":"Home","item":"http:\/\/mjleclerc.org\/wordpress\/?lang=en"},{"@type":"ListItem","position":2,"name":"Welcome"}]},{"@type":"WebSite","@id":"http:\/\/mjleclerc.org\/wordpress\/#website","url":"http:\/\/mjleclerc.org\/wordpress\/","name":"Marie-Jos\u00e9 Leclerc","description":"Rolfing and Spiritual workshops","potentialAction":[{"@type":"SearchAction","target":{"@type":"EntryPoint","urlTemplate":"http:\/\/mjleclerc.org\/wordpress\/?s={search_term_string}"},"query-input":{"@type":"PropertyValueSpecification","valueRequired":true,"valueName":"search_term_string"}}],"inLanguage":"fr-FR"}]}},"_links":{"self":[{"href":"http:\/\/mjleclerc.org\/wordpress\/wp-json\/wp\/v2\/pages\/126","targetHints":{"allow":["GET"]}}],"collection":[{"href":"http:\/\/mjleclerc.org\/wordpress\/wp-json\/wp\/v2\/pages"}],"about":[{"href":"http:\/\/mjleclerc.org\/wordpress\/wp-json\/wp\/v2\/types\/page"}],"author":[{"embeddable":true,"href":"http:\/\/mjleclerc.org\/wordpress\/wp-json\/wp\/v2\/users\/1"}],"replies":[{"embeddable":true,"href":"http:\/\/mjleclerc.org\/wordpress\/wp-json\/wp\/v2\/comments?post=126"}],"version-history":[{"count":58,"href":"http:\/\/mjleclerc.org\/wordpress\/wp-json\/wp\/v2\/pages\/126\/revisions"}],"predecessor-version":[{"id":947,"href":"http:\/\/mjleclerc.org\/wordpress\/wp-json\/wp\/v2\/pages\/126\/revisions\/947"}],"wp:attachment":[{"href":"http:\/\/mjleclerc.org\/wordpress\/wp-json\/wp\/v2\/media?parent=126"}],"curies":[{"name":"wp","href":"https:\/\/api.w.org\/{rel}","templated":true}]}}