{"id":112,"date":"2014-10-14T23:13:42","date_gmt":"2014-10-14T22:13:42","guid":{"rendered":"http:\/\/mjleclerc.org\/wordpress\/?page_id=112"},"modified":"2026-01-28T17:16:13","modified_gmt":"2026-01-28T22:16:13","slug":"additional-information","status":"publish","type":"page","link":"http:\/\/mjleclerc.org\/wordpress\/additional-information\/","title":{"rendered":"Informations pratiques"},"content":{"rendered":"<p><\/p>\n<h3><\/h3>\n<h3>Ma pratique de Rolfing<\/h3>\n<p>Je pratique maintenant exclusivement dans la r\u00e9gion de Sutton, \u00e0 +\/- 1h15 minutes du pont SdeChamplain.<\/p>\n<p>On peut payer par ch\u00e8que, Interac, ou comptant.<\/p>\n<p>Je suis membre de l&rsquo;ANM (Association Nationale des Massoth\u00e9rapeutes) et peux vous faire des re\u00e7us pour traitements en massoth\u00e9rapie. Ou encore, en tant que <em>Rolf Movement Practitioner<\/em>, vous faire un re\u00e7u de d\u00e9veloppement professionnel en conscience corporelle \/ posture et mouvement.<\/p>\n<p><strong>Pour plus d\u2019informations (adresse, disponibilit\u00e9s, tarifs, etc.) ou pour prendre rendez-vous, svp n\u2019h\u00e9sitez pas \u00e0 <a title=\"Contact\" href=\"http:\/\/mjleclerc.org\/wordpress\/contact-links\/\">me contacter<\/a>.<\/strong><\/p>\n<h3><img loading=\"lazy\" decoding=\"async\" class=\"alignleft size-full wp-image-206\" style=\"margin-top: 0px; margin-bottom: 10px;\" src=\"http:\/\/mjleclerc.org\/wordpress\/wp-content\/uploads\/2014\/10\/horline-pale.png\" alt=\"\" width=\"1140\" height=\"128\" \/><\/h3>\n<p><\/p>","protected":false},"excerpt":{"rendered":"<p>Ma pratique de Rolfing Je pratique maintenant exclusivement dans la r\u00e9gion de Sutton, \u00e0 +\/- 1h15 minutes du pont SdeChamplain. On peut payer par ch\u00e8que, Interac, ou comptant. Je suis membre de l&rsquo;ANM (Association Nationale des Massoth\u00e9rapeutes) et peux vous faire des re\u00e7us pour traitements en massoth\u00e9rapie. Ou encore, en tant que Rolf Movement Practitioner, [&hellip;]<\/p>\n","protected":false},"author":1,"featured_media":0,"parent":0,"menu_order":0,"comment_status":"closed","ping_status":"open","template":"","meta":{"footnotes":""},"class_list":["post-112","page","type-page","status-publish","hentry"],"yoast_head":"<!-- This site is optimized with the Yoast SEO plugin v24.5 - https:\/\/yoast.com\/wordpress\/plugins\/seo\/ -->\n<title>Informations pratiques - Marie-Jos\u00e9 Leclerc<\/title>\n<meta name=\"description\" content=\"[:fr]Informations pratiques[:en]Practical information[:] - Rolfing and Spiritual workshops - Marie-Jos\u00e9 Leclerc\" \/>\n<meta name=\"robots\" content=\"index, follow, max-snippet:-1, max-image-preview:large, max-video-preview:-1\" \/>\n<link rel=\"canonical\" href=\"https:\/\/mjleclerc.org\/wordpress\/additional-information\/\" \/>\n<meta property=\"og:locale\" content=\"fr_FR\" \/>\n<meta property=\"og:type\" content=\"article\" \/>\n<meta property=\"og:title\" content=\"[:fr]Informations pratiques[:en]Practical information[:] - Marie-Jos\u00e9 Leclerc\" \/>\n<meta property=\"og:description\" content=\"[:fr]Informations pratiques[:en]Practical information[:] - Rolfing and Spiritual workshops - Marie-Jos\u00e9 Leclerc\" \/>\n<meta property=\"og:url\" content=\"https:\/\/mjleclerc.org\/wordpress\/additional-information\/\" \/>\n<meta property=\"og:site_name\" content=\"Marie-Jos\u00e9 Leclerc\" \/>\n<meta property=\"article:modified_time\" content=\"2026-01-28T22:16:13+00:00\" \/>\n<meta property=\"og:image\" content=\"http:\/\/mjleclerc.org\/wordpress\/wp-content\/uploads\/2014\/10\/horline-pale.png\" \/>\n<meta name=\"twitter:card\" content=\"summary_large_image\" \/>\n<meta name=\"twitter:label1\" content=\"Dur\u00e9e de lecture estim\u00e9e\" \/>\n\t<meta name=\"twitter:data1\" content=\"1 minute\" \/>\n<script type=\"application\/ld+json\" class=\"yoast-schema-graph\">{\"@context\":\"https:\/\/schema.org\",\"@graph\":[{\"@type\":\"WebPage\",\"@id\":\"https:\/\/mjleclerc.org\/wordpress\/additional-information\/\",\"url\":\"https:\/\/mjleclerc.org\/wordpress\/additional-information\/\",\"name\":\"[:fr]Informations pratiques[:en]Practical information[:] - Marie-Jos\u00e9 Leclerc\",\"isPartOf\":{\"@id\":\"http:\/\/mjleclerc.org\/wordpress\/#website\"},\"primaryImageOfPage\":{\"@id\":\"https:\/\/mjleclerc.org\/wordpress\/additional-information\/#primaryimage\"},\"image\":{\"@id\":\"https:\/\/mjleclerc.org\/wordpress\/additional-information\/#primaryimage\"},\"thumbnailUrl\":\"http:\/\/mjleclerc.org\/wordpress\/wp-content\/uploads\/2014\/10\/horline-pale.png\",\"datePublished\":\"2014-10-14T22:13:42+00:00\",\"dateModified\":\"2026-01-28T22:16:13+00:00\",\"description\":\"[:fr]Informations pratiques[:en]Practical information[:] - Rolfing and Spiritual workshops - Marie-Jos\u00e9 Leclerc\",\"breadcrumb\":{\"@id\":\"https:\/\/mjleclerc.org\/wordpress\/additional-information\/#breadcrumb\"},\"inLanguage\":\"fr-FR\",\"potentialAction\":[{\"@type\":\"ReadAction\",\"target\":[\"https:\/\/mjleclerc.org\/wordpress\/additional-information\/\"]}]},{\"@type\":\"ImageObject\",\"inLanguage\":\"fr-FR\",\"@id\":\"https:\/\/mjleclerc.org\/wordpress\/additional-information\/#primaryimage\",\"url\":\"http:\/\/mjleclerc.org\/wordpress\/wp-content\/uploads\/2014\/10\/horline-pale.png\",\"contentUrl\":\"http:\/\/mjleclerc.org\/wordpress\/wp-content\/uploads\/2014\/10\/horline-pale.png\",\"width\":1140,\"height\":128},{\"@type\":\"BreadcrumbList\",\"@id\":\"https:\/\/mjleclerc.org\/wordpress\/additional-information\/#breadcrumb\",\"itemListElement\":[{\"@type\":\"ListItem\",\"position\":1,\"name\":\"Home\",\"item\":\"http:\/\/mjleclerc.org\/wordpress\/?lang=en\"},{\"@type\":\"ListItem\",\"position\":2,\"name\":\"Informations pratiques\"}]},{\"@type\":\"WebSite\",\"@id\":\"http:\/\/mjleclerc.org\/wordpress\/#website\",\"url\":\"http:\/\/mjleclerc.org\/wordpress\/\",\"name\":\"Marie-Jos\u00e9 Leclerc\",\"description\":\"Rolfing and Spiritual workshops\",\"potentialAction\":[{\"@type\":\"SearchAction\",\"target\":{\"@type\":\"EntryPoint\",\"urlTemplate\":\"http:\/\/mjleclerc.org\/wordpress\/?s={search_term_string}\"},\"query-input\":{\"@type\":\"PropertyValueSpecification\",\"valueRequired\":true,\"valueName\":\"search_term_string\"}}],\"inLanguage\":\"fr-FR\"}]}<\/script>\n<!-- \/ Yoast SEO plugin. -->","yoast_head_json":{"title":"[:fr]Informations pratiques[:en]Practical information[:] - Marie-Jos\u00e9 Leclerc","description":"[:fr]Informations pratiques[:en]Practical information[:] - Rolfing and Spiritual workshops - Marie-Jos\u00e9 Leclerc","robots":{"index":"index","follow":"follow","max-snippet":"max-snippet:-1","max-image-preview":"max-image-preview:large","max-video-preview":"max-video-preview:-1"},"canonical":"https:\/\/mjleclerc.org\/wordpress\/additional-information\/","og_locale":"fr_FR","og_type":"article","og_title":"[:fr]Informations pratiques[:en]Practical information[:] - Marie-Jos\u00e9 Leclerc","og_description":"[:fr]Informations pratiques[:en]Practical information[:] - Rolfing and Spiritual workshops - Marie-Jos\u00e9 Leclerc","og_url":"https:\/\/mjleclerc.org\/wordpress\/additional-information\/","og_site_name":"Marie-Jos\u00e9 Leclerc","article_modified_time":"2026-01-28T22:16:13+00:00","og_image":[{"url":"http:\/\/mjleclerc.org\/wordpress\/wp-content\/uploads\/2014\/10\/horline-pale.png","type":"","width":"","height":""}],"twitter_card":"summary_large_image","twitter_misc":{"Dur\u00e9e de lecture estim\u00e9e":"1 minute"},"schema":{"@context":"https:\/\/schema.org","@graph":[{"@type":"WebPage","@id":"https:\/\/mjleclerc.org\/wordpress\/additional-information\/","url":"https:\/\/mjleclerc.org\/wordpress\/additional-information\/","name":"[:fr]Informations pratiques[:en]Practical information[:] - Marie-Jos\u00e9 Leclerc","isPartOf":{"@id":"http:\/\/mjleclerc.org\/wordpress\/#website"},"primaryImageOfPage":{"@id":"https:\/\/mjleclerc.org\/wordpress\/additional-information\/#primaryimage"},"image":{"@id":"https:\/\/mjleclerc.org\/wordpress\/additional-information\/#primaryimage"},"thumbnailUrl":"http:\/\/mjleclerc.org\/wordpress\/wp-content\/uploads\/2014\/10\/horline-pale.png","datePublished":"2014-10-14T22:13:42+00:00","dateModified":"2026-01-28T22:16:13+00:00","description":"[:fr]Informations pratiques[:en]Practical information[:] - Rolfing and Spiritual workshops - Marie-Jos\u00e9 Leclerc","breadcrumb":{"@id":"https:\/\/mjleclerc.org\/wordpress\/additional-information\/#breadcrumb"},"inLanguage":"fr-FR","potentialAction":[{"@type":"ReadAction","target":["https:\/\/mjleclerc.org\/wordpress\/additional-information\/"]}]},{"@type":"ImageObject","inLanguage":"fr-FR","@id":"https:\/\/mjleclerc.org\/wordpress\/additional-information\/#primaryimage","url":"http:\/\/mjleclerc.org\/wordpress\/wp-content\/uploads\/2014\/10\/horline-pale.png","contentUrl":"http:\/\/mjleclerc.org\/wordpress\/wp-content\/uploads\/2014\/10\/horline-pale.png","width":1140,"height":128},{"@type":"BreadcrumbList","@id":"https:\/\/mjleclerc.org\/wordpress\/additional-information\/#breadcrumb","itemListElement":[{"@type":"ListItem","position":1,"name":"Home","item":"http:\/\/mjleclerc.org\/wordpress\/?lang=en"},{"@type":"ListItem","position":2,"name":"Informations pratiques"}]},{"@type":"WebSite","@id":"http:\/\/mjleclerc.org\/wordpress\/#website","url":"http:\/\/mjleclerc.org\/wordpress\/","name":"Marie-Jos\u00e9 Leclerc","description":"Rolfing and Spiritual workshops","potentialAction":[{"@type":"SearchAction","target":{"@type":"EntryPoint","urlTemplate":"http:\/\/mjleclerc.org\/wordpress\/?s={search_term_string}"},"query-input":{"@type":"PropertyValueSpecification","valueRequired":true,"valueName":"search_term_string"}}],"inLanguage":"fr-FR"}]}},"_links":{"self":[{"href":"http:\/\/mjleclerc.org\/wordpress\/wp-json\/wp\/v2\/pages\/112","targetHints":{"allow":["GET"]}}],"collection":[{"href":"http:\/\/mjleclerc.org\/wordpress\/wp-json\/wp\/v2\/pages"}],"about":[{"href":"http:\/\/mjleclerc.org\/wordpress\/wp-json\/wp\/v2\/types\/page"}],"author":[{"embeddable":true,"href":"http:\/\/mjleclerc.org\/wordpress\/wp-json\/wp\/v2\/users\/1"}],"replies":[{"embeddable":true,"href":"http:\/\/mjleclerc.org\/wordpress\/wp-json\/wp\/v2\/comments?post=112"}],"version-history":[{"count":29,"href":"http:\/\/mjleclerc.org\/wordpress\/wp-json\/wp\/v2\/pages\/112\/revisions"}],"predecessor-version":[{"id":960,"href":"http:\/\/mjleclerc.org\/wordpress\/wp-json\/wp\/v2\/pages\/112\/revisions\/960"}],"wp:attachment":[{"href":"http:\/\/mjleclerc.org\/wordpress\/wp-json\/wp\/v2\/media?parent=112"}],"curies":[{"name":"wp","href":"https:\/\/api.w.org\/{rel}","templated":true}]}}