{"id":110,"date":"2014-10-14T23:13:15","date_gmt":"2014-10-14T22:13:15","guid":{"rendered":"http:\/\/mjleclerc.org\/wordpress\/?page_id=110"},"modified":"2015-03-25T20:33:04","modified_gmt":"2015-03-25T19:33:04","slug":"my-view","status":"publish","type":"page","link":"http:\/\/mjleclerc.org\/wordpress\/my-view\/","title":{"rendered":"Ma vision"},"content":{"rendered":"<p><\/p>\n<h3>\u00a0Vision Personnelle<\/h3>\n<p><strong><a href=\"http:\/\/mjleclerc.org\/wordpress\/wp-content\/uploads\/2014\/10\/in-text-vieil-homme-profil.jpg\"><img loading=\"lazy\" decoding=\"async\" class=\" size-full wp-image-416 alignleft\" src=\"http:\/\/mjleclerc.org\/wordpress\/wp-content\/uploads\/2014\/10\/in-text-vieil-homme-profil.jpg\" alt=\"(in text) vieil homme profil\" width=\"82\" height=\"220\" \/><\/a>Nos corps sont la manifestation physique de tout ce que nous sommes<\/strong>. Ils <strong>expriment<\/strong> nos h\u00e9ritages culturels et familiaux, notre histoire personnelle, nos croyances, nos \u00e9motions, notre spiritualit\u00e9. Ils sont <strong>le moyen par lequel nous percevons le monde et entrons en relation avec lui<\/strong> ; ils <strong>d\u00e9terminent<\/strong> notre exp\u00e9rience de la r\u00e9alit\u00e9. S\u2019ils peuvent \u00eatre d\u00e9crits et expliqu\u00e9s selon le paradigme concret de la physiologie musculo-squelettique, \u00e0 d\u2019autres niveaux ils sont aussi le r\u00e9sultat de facteurs bien moins tangibles.<\/p>\n<p><strong>Le toucher<\/strong> est un outil de transformation extraordinaire. Il permet un <strong>dialogue tactile<\/strong> avec tout ce que la mati\u00e8re physique repr\u00e9sente. Lorsque je pose mes mains sur un corps c\u2019est un univers que je contacte, pour y inviter une <strong>mani\u00e8re d\u2019\u00eatre<\/strong> plus <strong>spacieuse<\/strong> et <strong>l\u00e9g\u00e8re<\/strong>, mieux <strong>\u00e9quilibr\u00e9e<\/strong> et plus <strong>vibrante de vie<\/strong>.<\/p>\n<p><strong><a href=\"http:\/\/mjleclerc.org\/wordpress\/wp-content\/uploads\/2014\/10\/in-text-homme-sport-profil-G.jpg\"><img loading=\"lazy\" decoding=\"async\" class=\" size-full wp-image-418 alignright\" src=\"http:\/\/mjleclerc.org\/wordpress\/wp-content\/uploads\/2014\/10\/in-text-homme-sport-profil-G.jpg\" alt=\"(in text) homme sport, profil G\" width=\"81\" height=\"220\" \/><\/a>Les explorations sensorielles<\/strong> qui accompagnent le travail aident \u00e0 r\u00e9v\u00e9ler les th\u00e8mes sous-jacents aux restrictions de posture et de mouvement. \u00c0 la <strong>lumi\u00e8re de cette conscience<\/strong>, mes clients peuvent faire de <strong>nouveaux choix<\/strong> et s\u2019engager activement dans <strong>l\u2019int\u00e9gration au quotidien<\/strong> d\u2019ouvertures structurelles facilit\u00e9es par la manipulation des fascias.<\/p>\n<p>En tant que praticienne en <em>Rolfing<\/em> <strong>j\u2019accueille le corps<\/strong> de mes clients tel qu\u2019il est dans le <strong>moment pr\u00e9sent<\/strong>, avec la somme totale de ce qu\u2019il incarne : <strong>ses forces, ses faiblesses, ses ressources, ses paradoxes et son myst\u00e8re<\/strong>. Je travaille toujours avec <strong>respect et r\u00e9v\u00e9rence<\/strong> pour la <strong>subtile intelligence des chairs<\/strong> ; je mets mes comp\u00e9tences, ma sensibilit\u00e9 et mon exp\u00e9rience au service du <strong>sacr\u00e9<\/strong> qui s\u2019exprime \u00e0 travers les \u00eatres humains.\u00a0<strong>C\u2019est ma vocation<\/strong>.<\/p>\n<h3><\/h3>\n<p><\/p>","protected":false},"excerpt":{"rendered":"<p>\u00a0Vision Personnelle Nos corps sont la manifestation physique de tout ce que nous sommes. Ils expriment nos h\u00e9ritages culturels et familiaux, notre histoire personnelle, nos croyances, nos \u00e9motions, notre spiritualit\u00e9. Ils sont le moyen par lequel nous percevons le monde et entrons en relation avec lui ; ils d\u00e9terminent notre exp\u00e9rience de la r\u00e9alit\u00e9. S\u2019ils [&hellip;]<\/p>\n","protected":false},"author":1,"featured_media":0,"parent":0,"menu_order":0,"comment_status":"closed","ping_status":"open","template":"","meta":{"footnotes":""},"class_list":["post-110","page","type-page","status-publish","hentry"],"yoast_head":"<!-- This site is optimized with the Yoast SEO plugin v24.5 - https:\/\/yoast.com\/wordpress\/plugins\/seo\/ -->\n<title>My visionMa vision - Marie-Jos\u00e9 Leclerc<\/title>\n<meta name=\"description\" content=\"My visionMa vision - Rolfing and Spiritual workshops - Marie-Jos\u00e9 Leclerc\" \/>\n<meta name=\"robots\" content=\"index, follow, max-snippet:-1, max-image-preview:large, max-video-preview:-1\" \/>\n<link rel=\"canonical\" href=\"https:\/\/mjleclerc.org\/wordpress\/my-view\/\" \/>\n<meta property=\"og:locale\" content=\"fr_FR\" \/>\n<meta property=\"og:type\" content=\"article\" \/>\n<meta property=\"og:title\" content=\"My visionMa vision - Marie-Jos\u00e9 Leclerc\" \/>\n<meta property=\"og:description\" content=\"My visionMa vision - Rolfing and Spiritual workshops - Marie-Jos\u00e9 Leclerc\" \/>\n<meta property=\"og:url\" content=\"https:\/\/mjleclerc.org\/wordpress\/my-view\/\" \/>\n<meta property=\"og:site_name\" content=\"Marie-Jos\u00e9 Leclerc\" \/>\n<meta property=\"article:modified_time\" content=\"2015-03-25T19:33:04+00:00\" \/>\n<meta property=\"og:image\" content=\"http:\/\/mjleclerc.org\/wordpress\/wp-content\/uploads\/2014\/10\/in-text-vieil-homme-profil.jpg\" \/>\n<meta name=\"twitter:card\" content=\"summary_large_image\" \/>\n<meta name=\"twitter:label1\" content=\"Dur\u00e9e de lecture estim\u00e9e\" \/>\n\t<meta name=\"twitter:data1\" content=\"3 minutes\" \/>\n<script type=\"application\/ld+json\" class=\"yoast-schema-graph\">{\"@context\":\"https:\/\/schema.org\",\"@graph\":[{\"@type\":\"WebPage\",\"@id\":\"https:\/\/mjleclerc.org\/wordpress\/my-view\/\",\"url\":\"https:\/\/mjleclerc.org\/wordpress\/my-view\/\",\"name\":\"My visionMa vision - Marie-Jos\u00e9 Leclerc\",\"isPartOf\":{\"@id\":\"http:\/\/mjleclerc.org\/wordpress\/#website\"},\"primaryImageOfPage\":{\"@id\":\"https:\/\/mjleclerc.org\/wordpress\/my-view\/#primaryimage\"},\"image\":{\"@id\":\"https:\/\/mjleclerc.org\/wordpress\/my-view\/#primaryimage\"},\"thumbnailUrl\":\"http:\/\/mjleclerc.org\/wordpress\/wp-content\/uploads\/2014\/10\/in-text-vieil-homme-profil.jpg\",\"datePublished\":\"2014-10-14T22:13:15+00:00\",\"dateModified\":\"2015-03-25T19:33:04+00:00\",\"description\":\"My visionMa vision - Rolfing and Spiritual workshops - Marie-Jos\u00e9 Leclerc\",\"breadcrumb\":{\"@id\":\"https:\/\/mjleclerc.org\/wordpress\/my-view\/#breadcrumb\"},\"inLanguage\":\"fr-FR\",\"potentialAction\":[{\"@type\":\"ReadAction\",\"target\":[\"https:\/\/mjleclerc.org\/wordpress\/my-view\/\"]}]},{\"@type\":\"ImageObject\",\"inLanguage\":\"fr-FR\",\"@id\":\"https:\/\/mjleclerc.org\/wordpress\/my-view\/#primaryimage\",\"url\":\"http:\/\/mjleclerc.org\/wordpress\/wp-content\/uploads\/2014\/10\/in-text-vieil-homme-profil.jpg\",\"contentUrl\":\"http:\/\/mjleclerc.org\/wordpress\/wp-content\/uploads\/2014\/10\/in-text-vieil-homme-profil.jpg\",\"width\":82,\"height\":220},{\"@type\":\"BreadcrumbList\",\"@id\":\"https:\/\/mjleclerc.org\/wordpress\/my-view\/#breadcrumb\",\"itemListElement\":[{\"@type\":\"ListItem\",\"position\":1,\"name\":\"Home\",\"item\":\"http:\/\/mjleclerc.org\/wordpress\/?lang=en\"},{\"@type\":\"ListItem\",\"position\":2,\"name\":\"Ma vision\"}]},{\"@type\":\"WebSite\",\"@id\":\"http:\/\/mjleclerc.org\/wordpress\/#website\",\"url\":\"http:\/\/mjleclerc.org\/wordpress\/\",\"name\":\"Marie-Jos\u00e9 Leclerc\",\"description\":\"Rolfing and Spiritual workshops\",\"potentialAction\":[{\"@type\":\"SearchAction\",\"target\":{\"@type\":\"EntryPoint\",\"urlTemplate\":\"http:\/\/mjleclerc.org\/wordpress\/?s={search_term_string}\"},\"query-input\":{\"@type\":\"PropertyValueSpecification\",\"valueRequired\":true,\"valueName\":\"search_term_string\"}}],\"inLanguage\":\"fr-FR\"}]}<\/script>\n<!-- \/ Yoast SEO plugin. -->","yoast_head_json":{"title":"My visionMa vision - Marie-Jos\u00e9 Leclerc","description":"My visionMa vision - Rolfing and Spiritual workshops - Marie-Jos\u00e9 Leclerc","robots":{"index":"index","follow":"follow","max-snippet":"max-snippet:-1","max-image-preview":"max-image-preview:large","max-video-preview":"max-video-preview:-1"},"canonical":"https:\/\/mjleclerc.org\/wordpress\/my-view\/","og_locale":"fr_FR","og_type":"article","og_title":"My visionMa vision - Marie-Jos\u00e9 Leclerc","og_description":"My visionMa vision - Rolfing and Spiritual workshops - Marie-Jos\u00e9 Leclerc","og_url":"https:\/\/mjleclerc.org\/wordpress\/my-view\/","og_site_name":"Marie-Jos\u00e9 Leclerc","article_modified_time":"2015-03-25T19:33:04+00:00","og_image":[{"url":"http:\/\/mjleclerc.org\/wordpress\/wp-content\/uploads\/2014\/10\/in-text-vieil-homme-profil.jpg","type":"","width":"","height":""}],"twitter_card":"summary_large_image","twitter_misc":{"Dur\u00e9e de lecture estim\u00e9e":"3 minutes"},"schema":{"@context":"https:\/\/schema.org","@graph":[{"@type":"WebPage","@id":"https:\/\/mjleclerc.org\/wordpress\/my-view\/","url":"https:\/\/mjleclerc.org\/wordpress\/my-view\/","name":"My visionMa vision - Marie-Jos\u00e9 Leclerc","isPartOf":{"@id":"http:\/\/mjleclerc.org\/wordpress\/#website"},"primaryImageOfPage":{"@id":"https:\/\/mjleclerc.org\/wordpress\/my-view\/#primaryimage"},"image":{"@id":"https:\/\/mjleclerc.org\/wordpress\/my-view\/#primaryimage"},"thumbnailUrl":"http:\/\/mjleclerc.org\/wordpress\/wp-content\/uploads\/2014\/10\/in-text-vieil-homme-profil.jpg","datePublished":"2014-10-14T22:13:15+00:00","dateModified":"2015-03-25T19:33:04+00:00","description":"My visionMa vision - Rolfing and Spiritual workshops - Marie-Jos\u00e9 Leclerc","breadcrumb":{"@id":"https:\/\/mjleclerc.org\/wordpress\/my-view\/#breadcrumb"},"inLanguage":"fr-FR","potentialAction":[{"@type":"ReadAction","target":["https:\/\/mjleclerc.org\/wordpress\/my-view\/"]}]},{"@type":"ImageObject","inLanguage":"fr-FR","@id":"https:\/\/mjleclerc.org\/wordpress\/my-view\/#primaryimage","url":"http:\/\/mjleclerc.org\/wordpress\/wp-content\/uploads\/2014\/10\/in-text-vieil-homme-profil.jpg","contentUrl":"http:\/\/mjleclerc.org\/wordpress\/wp-content\/uploads\/2014\/10\/in-text-vieil-homme-profil.jpg","width":82,"height":220},{"@type":"BreadcrumbList","@id":"https:\/\/mjleclerc.org\/wordpress\/my-view\/#breadcrumb","itemListElement":[{"@type":"ListItem","position":1,"name":"Home","item":"http:\/\/mjleclerc.org\/wordpress\/?lang=en"},{"@type":"ListItem","position":2,"name":"Ma vision"}]},{"@type":"WebSite","@id":"http:\/\/mjleclerc.org\/wordpress\/#website","url":"http:\/\/mjleclerc.org\/wordpress\/","name":"Marie-Jos\u00e9 Leclerc","description":"Rolfing and Spiritual workshops","potentialAction":[{"@type":"SearchAction","target":{"@type":"EntryPoint","urlTemplate":"http:\/\/mjleclerc.org\/wordpress\/?s={search_term_string}"},"query-input":{"@type":"PropertyValueSpecification","valueRequired":true,"valueName":"search_term_string"}}],"inLanguage":"fr-FR"}]}},"_links":{"self":[{"href":"http:\/\/mjleclerc.org\/wordpress\/wp-json\/wp\/v2\/pages\/110","targetHints":{"allow":["GET"]}}],"collection":[{"href":"http:\/\/mjleclerc.org\/wordpress\/wp-json\/wp\/v2\/pages"}],"about":[{"href":"http:\/\/mjleclerc.org\/wordpress\/wp-json\/wp\/v2\/types\/page"}],"author":[{"embeddable":true,"href":"http:\/\/mjleclerc.org\/wordpress\/wp-json\/wp\/v2\/users\/1"}],"replies":[{"embeddable":true,"href":"http:\/\/mjleclerc.org\/wordpress\/wp-json\/wp\/v2\/comments?post=110"}],"version-history":[{"count":23,"href":"http:\/\/mjleclerc.org\/wordpress\/wp-json\/wp\/v2\/pages\/110\/revisions"}],"predecessor-version":[{"id":599,"href":"http:\/\/mjleclerc.org\/wordpress\/wp-json\/wp\/v2\/pages\/110\/revisions\/599"}],"wp:attachment":[{"href":"http:\/\/mjleclerc.org\/wordpress\/wp-json\/wp\/v2\/media?parent=110"}],"curies":[{"name":"wp","href":"https:\/\/api.w.org\/{rel}","templated":true}]}}