{"id":104,"date":"2014-10-14T23:10:19","date_gmt":"2014-10-14T22:10:19","guid":{"rendered":"http:\/\/mjleclerc.org\/wordpress\/?page_id=104"},"modified":"2026-01-26T18:18:12","modified_gmt":"2026-01-26T23:18:12","slug":"mediumship","status":"publish","type":"page","link":"http:\/\/mjleclerc.org\/wordpress\/mediumship\/","title":{"rendered":"M\u00e9diumnit\u00e9"},"content":{"rendered":"<p><strong>Ma perception de la r\u00e9alit\u00e9 a toujours d\u00e9pass\u00e9 les bornes du tangible<\/strong>. Cette sensibilit\u00e9 intuitive <strong>informe mes relations avec le monde et les autres<\/strong>. Bien s\u00fbr elle <strong>m\u2019aide aussi \u00e0 mieux servir mes clients<\/strong> dans mon travail de praticienne en Rolfing comme dans le cadre des ateliers-rituels.<\/p>\n<p>En 2009 j\u2019ai d\u00e9cid\u00e9 de la <strong>d\u00e9velopper de mani\u00e8re plus syst\u00e9matique<\/strong>, en suivant un programme de formation en m\u00e9diumnit\u00e9 se d\u00e9roulant sur plus d\u2019une ann\u00e9e.<\/p>\n<p><strong>Cette comp\u00e9tence fait partie des services que j\u2019offre.<\/strong><\/p>\n<p><a href=\"http:\/\/mjleclerc.org\/wordpress\/wp-content\/uploads\/2015\/01\/rose-backgr2-e1436305413308.jpg\"><img loading=\"lazy\" decoding=\"async\" class=\" wp-image-270 alignleft\" src=\"http:\/\/mjleclerc.org\/wordpress\/wp-content\/uploads\/2015\/01\/rose-backgr2-e1436305413308.jpg\" alt=\"rose-backgr2\" width=\"229\" height=\"151\" srcset=\"http:\/\/mjleclerc.org\/wordpress\/wp-content\/uploads\/2015\/01\/rose-backgr2-e1436305413308.jpg 1140w, http:\/\/mjleclerc.org\/wordpress\/wp-content\/uploads\/2015\/01\/rose-backgr2-e1436305413308-300x198.jpg 300w, http:\/\/mjleclerc.org\/wordpress\/wp-content\/uploads\/2015\/01\/rose-backgr2-e1436305413308-1024x675.jpg 1024w\" sizes=\"auto, (max-width: 229px) 100vw, 229px\" \/><\/a>Une canalisation commence par un temps de silence, une courte m\u00e9ditation pendant laquelle je me <strong>centre dans l\u2019instant pr\u00e9sent<\/strong>. Ce moment me permet de faire le vide, de rejoindre un espace int\u00e9rieur profond et de m\u2019ouvrir \u00e0 plus grand que moi. <strong>Je me relie \u00e0 la Sagesse Universelle, au Divin, \u00e0 l\u2019Unit\u00e9, et demande d\u2019en recevoir inspiration et guidance<\/strong>. Je suis alors en \u00e9tat de transe consciente.<\/p>\n<p>Le client qui me consulte aura pr\u00e9par\u00e9 3 ou 4 questions au sujet de <strong>circonstances qui le pr\u00e9occupent<\/strong>, \u00e0 propos de lui-m\u00eame ou de ses proches (dans la mesure o\u00f9 il est concern\u00e9). Il peut s\u2019agir de <strong>choix difficiles \u00e0 faire, soucis relationnels, existentiels ou professionnels, etc. <\/strong><\/p>\n<p>L\u2019\u00e9coute des questions fait monter en moi des <strong>images et impressions avec lesquelles j&rsquo;interagis int\u00e9rieurement<\/strong>. Ces m\u00e9taphores <strong>\u00e9clairent de nouveaux aspects<\/strong> des th\u00e8mes abord\u00e9s; elles <strong>r\u00e9v\u00e8lent des avenues<\/strong> inexplor\u00e9es \u00e0 consid\u00e9rer, <strong>sugg\u00e8rent des pistes de r\u00e9solution<\/strong>, ou <strong>confirment<\/strong> simplement ce qu&rsquo;au fond la personne savait d\u00e9j\u00e0, ce qui, en soi, est un <strong>important cadeau<\/strong>.<\/p>\n<p><strong>Les canalisations offrent une perspective plus large sur la r\u00e9alit\u00e9, un point de vue de l\u2019\u00e2me pourait-on dire, qui ouvre des portes et prodigue ultimement une gu\u00e9rison au c\u0153ur.<\/strong><\/p>\n<span class=\"\" style=\"display:block;clear:both;height: 0px;padding-top: 20px;border-top-width:0px;border-bottom-width:0px;\"><\/span>\n<p>Consultations en personne \u00e0 Sutton, ou par t\u00e9l\u00e9phone, Skype, video Messenger, ou FaceTime<\/p>\n<p><strong>Pour plus d\u2019informations (disponibilit\u00e9s, tarifs, etc.) ou pour prendre rendez-vous, svp n\u2019h\u00e9sitez pas \u00e0 <a title=\"Contact\" href=\"http:\/\/mjleclerc.org\/wordpress\/contact-links\/\">me contacter<\/a>.<\/strong><\/p>","protected":false},"excerpt":{"rendered":"<p>Ma perception de la r\u00e9alit\u00e9 a toujours d\u00e9pass\u00e9 les bornes du tangible. Cette sensibilit\u00e9 intuitive informe mes relations avec le monde et les autres. Bien s\u00fbr elle m\u2019aide aussi \u00e0 mieux servir mes clients dans mon travail de praticienne en Rolfing comme dans le cadre des ateliers-rituels. En 2009 j\u2019ai d\u00e9cid\u00e9 de la d\u00e9velopper de [&hellip;]<\/p>\n","protected":false},"author":1,"featured_media":0,"parent":0,"menu_order":0,"comment_status":"closed","ping_status":"open","template":"","meta":{"footnotes":""},"class_list":["post-104","page","type-page","status-publish","hentry"],"yoast_head":"<!-- This site is optimized with the Yoast SEO plugin v24.5 - https:\/\/yoast.com\/wordpress\/plugins\/seo\/ -->\n<title>M\u00e9diumnit\u00e9 - Marie-Jos\u00e9 Leclerc<\/title>\n<meta name=\"description\" content=\"[:fr]M\u00e9diumnit\u00e9[:en]Mediumship[:] - Rolfing and Spiritual workshops - Marie-Jos\u00e9 Leclerc\" \/>\n<meta name=\"robots\" content=\"index, follow, max-snippet:-1, max-image-preview:large, max-video-preview:-1\" \/>\n<link rel=\"canonical\" href=\"http:\/\/mjleclerc.org\/wordpress\/mediumship\/\" \/>\n<meta property=\"og:locale\" content=\"fr_FR\" \/>\n<meta property=\"og:type\" content=\"article\" \/>\n<meta property=\"og:title\" content=\"[:fr]M\u00e9diumnit\u00e9[:en]Mediumship[:] - Marie-Jos\u00e9 Leclerc\" \/>\n<meta property=\"og:description\" content=\"[:fr]M\u00e9diumnit\u00e9[:en]Mediumship[:] - Rolfing and Spiritual workshops - Marie-Jos\u00e9 Leclerc\" \/>\n<meta property=\"og:url\" content=\"http:\/\/mjleclerc.org\/wordpress\/mediumship\/\" \/>\n<meta property=\"og:site_name\" content=\"Marie-Jos\u00e9 Leclerc\" \/>\n<meta property=\"article:modified_time\" content=\"2026-01-26T23:18:12+00:00\" \/>\n<meta property=\"og:image\" content=\"http:\/\/mjleclerc.org\/wordpress\/wp-content\/uploads\/2015\/01\/rose-backgr2-e1436305413308.jpg\" \/>\n<meta name=\"twitter:card\" content=\"summary_large_image\" \/>\n<meta name=\"twitter:label1\" content=\"Dur\u00e9e de lecture estim\u00e9e\" \/>\n\t<meta name=\"twitter:data1\" content=\"2 minutes\" \/>\n<script type=\"application\/ld+json\" class=\"yoast-schema-graph\">{\"@context\":\"https:\/\/schema.org\",\"@graph\":[{\"@type\":\"WebPage\",\"@id\":\"http:\/\/mjleclerc.org\/wordpress\/mediumship\/\",\"url\":\"http:\/\/mjleclerc.org\/wordpress\/mediumship\/\",\"name\":\"[:fr]M\u00e9diumnit\u00e9[:en]Mediumship[:] - Marie-Jos\u00e9 Leclerc\",\"isPartOf\":{\"@id\":\"http:\/\/mjleclerc.org\/wordpress\/#website\"},\"primaryImageOfPage\":{\"@id\":\"http:\/\/mjleclerc.org\/wordpress\/mediumship\/#primaryimage\"},\"image\":{\"@id\":\"http:\/\/mjleclerc.org\/wordpress\/mediumship\/#primaryimage\"},\"thumbnailUrl\":\"http:\/\/mjleclerc.org\/wordpress\/wp-content\/uploads\/2015\/01\/rose-backgr2-e1436305413308.jpg\",\"datePublished\":\"2014-10-14T22:10:19+00:00\",\"dateModified\":\"2026-01-26T23:18:12+00:00\",\"description\":\"[:fr]M\u00e9diumnit\u00e9[:en]Mediumship[:] - Rolfing and Spiritual workshops - Marie-Jos\u00e9 Leclerc\",\"breadcrumb\":{\"@id\":\"http:\/\/mjleclerc.org\/wordpress\/mediumship\/#breadcrumb\"},\"inLanguage\":\"fr-FR\",\"potentialAction\":[{\"@type\":\"ReadAction\",\"target\":[\"http:\/\/mjleclerc.org\/wordpress\/mediumship\/\"]}]},{\"@type\":\"ImageObject\",\"inLanguage\":\"fr-FR\",\"@id\":\"http:\/\/mjleclerc.org\/wordpress\/mediumship\/#primaryimage\",\"url\":\"http:\/\/mjleclerc.org\/wordpress\/wp-content\/uploads\/2015\/01\/rose-backgr2-e1436305413308.jpg\",\"contentUrl\":\"http:\/\/mjleclerc.org\/wordpress\/wp-content\/uploads\/2015\/01\/rose-backgr2-e1436305413308.jpg\",\"width\":1140,\"height\":751},{\"@type\":\"BreadcrumbList\",\"@id\":\"http:\/\/mjleclerc.org\/wordpress\/mediumship\/#breadcrumb\",\"itemListElement\":[{\"@type\":\"ListItem\",\"position\":1,\"name\":\"Home\",\"item\":\"http:\/\/mjleclerc.org\/wordpress\/?lang=en\"},{\"@type\":\"ListItem\",\"position\":2,\"name\":\"M\u00e9diumnit\u00e9\"}]},{\"@type\":\"WebSite\",\"@id\":\"http:\/\/mjleclerc.org\/wordpress\/#website\",\"url\":\"http:\/\/mjleclerc.org\/wordpress\/\",\"name\":\"Marie-Jos\u00e9 Leclerc\",\"description\":\"Rolfing and Spiritual workshops\",\"potentialAction\":[{\"@type\":\"SearchAction\",\"target\":{\"@type\":\"EntryPoint\",\"urlTemplate\":\"http:\/\/mjleclerc.org\/wordpress\/?s={search_term_string}\"},\"query-input\":{\"@type\":\"PropertyValueSpecification\",\"valueRequired\":true,\"valueName\":\"search_term_string\"}}],\"inLanguage\":\"fr-FR\"}]}<\/script>\n<!-- \/ Yoast SEO plugin. -->","yoast_head_json":{"title":"[:fr]M\u00e9diumnit\u00e9[:en]Mediumship[:] - Marie-Jos\u00e9 Leclerc","description":"[:fr]M\u00e9diumnit\u00e9[:en]Mediumship[:] - Rolfing and Spiritual workshops - Marie-Jos\u00e9 Leclerc","robots":{"index":"index","follow":"follow","max-snippet":"max-snippet:-1","max-image-preview":"max-image-preview:large","max-video-preview":"max-video-preview:-1"},"canonical":"http:\/\/mjleclerc.org\/wordpress\/mediumship\/","og_locale":"fr_FR","og_type":"article","og_title":"[:fr]M\u00e9diumnit\u00e9[:en]Mediumship[:] - Marie-Jos\u00e9 Leclerc","og_description":"[:fr]M\u00e9diumnit\u00e9[:en]Mediumship[:] - Rolfing and Spiritual workshops - Marie-Jos\u00e9 Leclerc","og_url":"http:\/\/mjleclerc.org\/wordpress\/mediumship\/","og_site_name":"Marie-Jos\u00e9 Leclerc","article_modified_time":"2026-01-26T23:18:12+00:00","og_image":[{"url":"http:\/\/mjleclerc.org\/wordpress\/wp-content\/uploads\/2015\/01\/rose-backgr2-e1436305413308.jpg","type":"","width":"","height":""}],"twitter_card":"summary_large_image","twitter_misc":{"Dur\u00e9e de lecture estim\u00e9e":"2 minutes"},"schema":{"@context":"https:\/\/schema.org","@graph":[{"@type":"WebPage","@id":"http:\/\/mjleclerc.org\/wordpress\/mediumship\/","url":"http:\/\/mjleclerc.org\/wordpress\/mediumship\/","name":"[:fr]M\u00e9diumnit\u00e9[:en]Mediumship[:] - Marie-Jos\u00e9 Leclerc","isPartOf":{"@id":"http:\/\/mjleclerc.org\/wordpress\/#website"},"primaryImageOfPage":{"@id":"http:\/\/mjleclerc.org\/wordpress\/mediumship\/#primaryimage"},"image":{"@id":"http:\/\/mjleclerc.org\/wordpress\/mediumship\/#primaryimage"},"thumbnailUrl":"http:\/\/mjleclerc.org\/wordpress\/wp-content\/uploads\/2015\/01\/rose-backgr2-e1436305413308.jpg","datePublished":"2014-10-14T22:10:19+00:00","dateModified":"2026-01-26T23:18:12+00:00","description":"[:fr]M\u00e9diumnit\u00e9[:en]Mediumship[:] - Rolfing and Spiritual workshops - Marie-Jos\u00e9 Leclerc","breadcrumb":{"@id":"http:\/\/mjleclerc.org\/wordpress\/mediumship\/#breadcrumb"},"inLanguage":"fr-FR","potentialAction":[{"@type":"ReadAction","target":["http:\/\/mjleclerc.org\/wordpress\/mediumship\/"]}]},{"@type":"ImageObject","inLanguage":"fr-FR","@id":"http:\/\/mjleclerc.org\/wordpress\/mediumship\/#primaryimage","url":"http:\/\/mjleclerc.org\/wordpress\/wp-content\/uploads\/2015\/01\/rose-backgr2-e1436305413308.jpg","contentUrl":"http:\/\/mjleclerc.org\/wordpress\/wp-content\/uploads\/2015\/01\/rose-backgr2-e1436305413308.jpg","width":1140,"height":751},{"@type":"BreadcrumbList","@id":"http:\/\/mjleclerc.org\/wordpress\/mediumship\/#breadcrumb","itemListElement":[{"@type":"ListItem","position":1,"name":"Home","item":"http:\/\/mjleclerc.org\/wordpress\/?lang=en"},{"@type":"ListItem","position":2,"name":"M\u00e9diumnit\u00e9"}]},{"@type":"WebSite","@id":"http:\/\/mjleclerc.org\/wordpress\/#website","url":"http:\/\/mjleclerc.org\/wordpress\/","name":"Marie-Jos\u00e9 Leclerc","description":"Rolfing and Spiritual workshops","potentialAction":[{"@type":"SearchAction","target":{"@type":"EntryPoint","urlTemplate":"http:\/\/mjleclerc.org\/wordpress\/?s={search_term_string}"},"query-input":{"@type":"PropertyValueSpecification","valueRequired":true,"valueName":"search_term_string"}}],"inLanguage":"fr-FR"}]}},"_links":{"self":[{"href":"http:\/\/mjleclerc.org\/wordpress\/wp-json\/wp\/v2\/pages\/104","targetHints":{"allow":["GET"]}}],"collection":[{"href":"http:\/\/mjleclerc.org\/wordpress\/wp-json\/wp\/v2\/pages"}],"about":[{"href":"http:\/\/mjleclerc.org\/wordpress\/wp-json\/wp\/v2\/types\/page"}],"author":[{"embeddable":true,"href":"http:\/\/mjleclerc.org\/wordpress\/wp-json\/wp\/v2\/users\/1"}],"replies":[{"embeddable":true,"href":"http:\/\/mjleclerc.org\/wordpress\/wp-json\/wp\/v2\/comments?post=104"}],"version-history":[{"count":24,"href":"http:\/\/mjleclerc.org\/wordpress\/wp-json\/wp\/v2\/pages\/104\/revisions"}],"predecessor-version":[{"id":941,"href":"http:\/\/mjleclerc.org\/wordpress\/wp-json\/wp\/v2\/pages\/104\/revisions\/941"}],"wp:attachment":[{"href":"http:\/\/mjleclerc.org\/wordpress\/wp-json\/wp\/v2\/media?parent=104"}],"curies":[{"name":"wp","href":"https:\/\/api.w.org\/{rel}","templated":true}]}}